{"id":83568,"date":"2025-07-18T12:05:45","date_gmt":"2025-07-18T10:05:45","guid":{"rendered":"https:\/\/homair-sweetmobilhome.com\/acceso-a-la-guia-definitiva-para-comprar-un-mobil-home\/"},"modified":"2026-03-11T01:48:59","modified_gmt":"2026-03-10T23:48:59","slug":"acceso-a-la-guia-definitiva-para-comprar-un-mobil-home","status":"publish","type":"page","link":"https:\/\/homair-sweetmobilhome.com\/es\/acceso-a-la-guia-definitiva-para-comprar-un-mobil-home\/","title":{"rendered":"Acceso a la gu\u00eda definitiva para comprar un mobil-home"},"content":{"rendered":"\t\t<div data-elementor-type=\"wp-page\" data-elementor-id=\"83568\" class=\"elementor elementor-83568 elementor-47283\" data-elementor-post-type=\"page\">\n\t\t\t\t<div class=\"elementor-element elementor-element-173fee46 e-flex e-con-boxed e-con e-parent\" data-id=\"173fee46\" data-element_type=\"container\" data-e-type=\"container\" data-settings=\"{&quot;background_background&quot;:&quot;classic&quot;}\">\n\t\t\t\t\t<div class=\"e-con-inner\">\n\t\t<div class=\"elementor-element elementor-element-26d43408 e-con-full e-flex e-con e-child\" data-id=\"26d43408\" data-element_type=\"container\" data-e-type=\"container\">\n\t\t<div class=\"elementor-element elementor-element-41c97cfa e-con-full e-flex e-con e-child\" data-id=\"41c97cfa\" data-element_type=\"container\" data-e-type=\"container\" id=\"accescatalogue\" data-settings=\"{&quot;background_background&quot;:&quot;classic&quot;}\">\n\t\t<div class=\"elementor-element elementor-element-35e25457 e-con-full e-flex e-con e-child\" data-id=\"35e25457\" data-element_type=\"container\" data-e-type=\"container\">\n\t\t\t\t<div class=\"elementor-element elementor-element-7a157c77 elementor-widget__width-initial elementor-widget elementor-widget-heading\" data-id=\"7a157c77\" data-element_type=\"widget\" data-e-type=\"widget\" id=\"titre\" data-widget_type=\"heading.default\">\n\t\t\t\t<div class=\"elementor-widget-container\">\n\t\t\t\t\t<h2 class=\"elementor-heading-title elementor-size-default\">Descarga 100% gratuita<\/h2>\t\t\t\t<\/div>\n\t\t\t\t<\/div>\n\t\t\t\t<div class=\"elementor-element elementor-element-335097a0 elementor-widget__width-initial elementor-widget elementor-widget-heading\" data-id=\"335097a0\" data-element_type=\"widget\" data-e-type=\"widget\" data-widget_type=\"heading.default\">\n\t\t\t\t<div class=\"elementor-widget-container\">\n\t\t\t\t\t<h2 class=\"elementor-heading-title elementor-size-default\">La gu\u00eda completa para comprar un mobil-home<\/h2>\t\t\t\t<\/div>\n\t\t\t\t<\/div>\n\t\t\t\t<\/div>\n\t\t\t\t<div class=\"elementor-element elementor-element-65ed707c elementor-widget-mobile__width-inherit elementor-hidden-mobile elementor-widget elementor-widget-image\" data-id=\"65ed707c\" data-element_type=\"widget\" data-e-type=\"widget\" data-widget_type=\"image.default\">\n\t\t\t\t<div class=\"elementor-widget-container\">\n\t\t\t\t\t\t\t\t\t\t\t\t\t\t\t<img fetchpriority=\"high\" decoding=\"async\" width=\"1919\" height=\"1356\" src=\"https:\/\/homair-sweetmobilhome.com\/wp-content\/smush-webp\/2025\/11\/mockup-guide-ultime-2025-1919-x-1356-1.png.webp\" class=\"attachment-full size-full wp-image-83570\" alt=\"\" srcset=\"https:\/\/homair-sweetmobilhome.com\/wp-content\/smush-webp\/2025\/11\/mockup-guide-ultime-2025-1919-x-1356-1.png.webp 1919w, https:\/\/homair-sweetmobilhome.com\/wp-content\/smush-webp\/2025\/11\/mockup-guide-ultime-2025-1919-x-1356-1-300x212.png.webp 300w, https:\/\/homair-sweetmobilhome.com\/wp-content\/smush-webp\/2025\/11\/mockup-guide-ultime-2025-1919-x-1356-1-1024x724.png.webp 1024w, https:\/\/homair-sweetmobilhome.com\/wp-content\/smush-webp\/2025\/11\/mockup-guide-ultime-2025-1919-x-1356-1-768x543.png.webp 768w, https:\/\/homair-sweetmobilhome.com\/wp-content\/smush-webp\/2025\/11\/mockup-guide-ultime-2025-1919-x-1356-1-1536x1085.png.webp 1536w\" sizes=\"(max-width: 1919px) 100vw, 1919px\" \/>\t\t\t\t\t\t\t\t\t\t\t\t\t\t\t<\/div>\n\t\t\t\t<\/div>\n\t\t\t\t<\/div>\n\t\t<div class=\"elementor-element elementor-element-5dc7ec77 e-con-full e-flex e-con e-child\" data-id=\"5dc7ec77\" data-element_type=\"container\" data-e-type=\"container\">\n\t\t\t\t<div class=\"elementor-element elementor-element-3b14f1dc elementor-widget-mobile__width-initial elementor-hidden-desktop elementor-hidden-laptop elementor-hidden-tablet elementor-widget elementor-widget-image\" data-id=\"3b14f1dc\" data-element_type=\"widget\" data-e-type=\"widget\" data-widget_type=\"image.default\">\n\t\t\t\t<div class=\"elementor-widget-container\">\n\t\t\t\t\t\t\t\t\t\t\t\t\t\t\t\t<a href=\"#accescatalogue\">\n\t\t\t\t\t\t\t<img fetchpriority=\"high\" decoding=\"async\" width=\"1919\" height=\"1356\" src=\"https:\/\/homair-sweetmobilhome.com\/wp-content\/smush-webp\/2025\/11\/mockup-guide-ultime-2025-1919-x-1356-1.png.webp\" class=\"attachment-full size-full wp-image-83570\" alt=\"\" srcset=\"https:\/\/homair-sweetmobilhome.com\/wp-content\/smush-webp\/2025\/11\/mockup-guide-ultime-2025-1919-x-1356-1.png.webp 1919w, https:\/\/homair-sweetmobilhome.com\/wp-content\/smush-webp\/2025\/11\/mockup-guide-ultime-2025-1919-x-1356-1-300x212.png.webp 300w, https:\/\/homair-sweetmobilhome.com\/wp-content\/smush-webp\/2025\/11\/mockup-guide-ultime-2025-1919-x-1356-1-1024x724.png.webp 1024w, https:\/\/homair-sweetmobilhome.com\/wp-content\/smush-webp\/2025\/11\/mockup-guide-ultime-2025-1919-x-1356-1-768x543.png.webp 768w, https:\/\/homair-sweetmobilhome.com\/wp-content\/smush-webp\/2025\/11\/mockup-guide-ultime-2025-1919-x-1356-1-1536x1085.png.webp 1536w\" sizes=\"(max-width: 1919px) 100vw, 1919px\" \/>\t\t\t\t\t\t\t\t<\/a>\n\t\t\t\t\t\t\t\t\t\t\t\t\t\t\t<\/div>\n\t\t\t\t<\/div>\n\t\t<div class=\"elementor-element elementor-element-6617a394 e-con-full e-flex e-con e-child\" data-id=\"6617a394\" data-element_type=\"container\" data-e-type=\"container\" data-settings=\"{&quot;background_background&quot;:&quot;classic&quot;}\">\n\t\t\t\t<div class=\"elementor-element elementor-element-26580b0b elementor-widget__width-initial elementor-widget elementor-widget-heading\" data-id=\"26580b0b\" data-element_type=\"widget\" data-e-type=\"widget\" data-widget_type=\"heading.default\">\n\t\t\t\t<div class=\"elementor-widget-container\">\n\t\t\t\t\t<h2 class=\"elementor-heading-title elementor-size-default\">Descubre la gu\u00eda ahora:<\/h2>\t\t\t\t<\/div>\n\t\t\t\t<\/div>\n\t\t\t\t<div class=\"elementor-element elementor-element-31d2c580 elementor-widget__width-inherit elementor-hidden-mobile elementor-widget elementor-widget-html\" data-id=\"31d2c580\" data-element_type=\"widget\" data-e-type=\"widget\" data-widget_type=\"html.default\">\n\t\t\t\t<div class=\"elementor-widget-container\">\n\t\t\t\t\t\n\n<div style=\"text-align:center;\"><iframe data-src=\"\/\/v.calameo.com\/?bkcode=007778111daf03cf30e55&amp;AuthID=GJCaNn1Nw6Xp&amp;mode=mini&amp;view=book&amp;clickto=view&amp;autoflip=4&amp;clicktarget=_blank\" width=\"100%\" height=\"400\" frameborder=\"0\" scrolling=\"no\" allowtransparency=\"\" allowfullscreen=\"\" style=\"margin:0 auto;\" src=\"data:image\/svg+xml;base64,PHN2ZyB3aWR0aD0iMSIgaGVpZ2h0PSIxIiB4bWxucz0iaHR0cDovL3d3dy53My5vcmcvMjAwMC9zdmciPjwvc3ZnPg==\" class=\"lazyload\" data-load-mode=\"1\"><\/iframe><\/div>\t\t\t\t<\/div>\n\t\t\t\t<\/div>\n\t\t\t\t<div class=\"elementor-element elementor-element-5476a002 elementor-widget__width-inherit elementor-hidden-desktop elementor-hidden-laptop elementor-hidden-tablet elementor-widget elementor-widget-html\" data-id=\"5476a002\" data-element_type=\"widget\" data-e-type=\"widget\" data-widget_type=\"html.default\">\n\t\t\t\t<div class=\"elementor-widget-container\">\n\t\t\t\t\t\n\n<div style=\"text-align:center;\"><iframe data-src=\"\/\/v.calameo.com\/?bkcode=007778111daf03cf30e55&amp;AuthID=GJCaNn1Nw6Xp&amp;mode=mini&amp;view=book&amp;clickto=view&amp;autoflip=4&amp;clicktarget=_blank\" width=\"100%\" height=\"120\" frameborder=\"0\" scrolling=\"no\" allowtransparency=\"\" allowfullscreen=\"\" style=\"margin:0 auto;\" src=\"data:image\/svg+xml;base64,PHN2ZyB3aWR0aD0iMSIgaGVpZ2h0PSIxIiB4bWxucz0iaHR0cDovL3d3dy53My5vcmcvMjAwMC9zdmciPjwvc3ZnPg==\" class=\"lazyload\" data-load-mode=\"1\"><\/iframe><\/div>\t\t\t\t<\/div>\n\t\t\t\t<\/div>\n\t\t<div class=\"elementor-element elementor-element-4ccf0e0 e-con-full e-flex e-con e-child\" data-id=\"4ccf0e0\" data-element_type=\"container\" data-e-type=\"container\">\n\t\t\t\t<div class=\"elementor-element elementor-element-3e440726 popmake-contact elementor-widget elementor-widget-image\" data-id=\"3e440726\" data-element_type=\"widget\" data-e-type=\"widget\" data-widget_type=\"image.default\">\n\t\t\t\t<div class=\"elementor-widget-container\">\n\t\t\t\t\t\t\t\t\t\t\t\t\t\t\t\t<a href=\"#\">\n\t\t\t\t\t\t\t<img decoding=\"async\" width=\"228\" height=\"57\" data-src=\"https:\/\/homair-sweetmobilhome.com\/wp-content\/smush-webp\/2024\/06\/cta-etre-rappele.png.webp\" class=\"attachment-medium size-medium wp-image-83083 lazyload\" alt=\"\" src=\"data:image\/svg+xml;base64,PHN2ZyB3aWR0aD0iMSIgaGVpZ2h0PSIxIiB4bWxucz0iaHR0cDovL3d3dy53My5vcmcvMjAwMC9zdmciPjwvc3ZnPg==\" style=\"--smush-placeholder-width: 228px; --smush-placeholder-aspect-ratio: 228\/57;\" \/>\t\t\t\t\t\t\t\t<\/a>\n\t\t\t\t\t\t\t\t\t\t\t\t\t\t\t<\/div>\n\t\t\t\t<\/div>\n\t\t\t\t<div class=\"elementor-element elementor-element-3741c25a elementor-widget elementor-widget-image\" data-id=\"3741c25a\" data-element_type=\"widget\" data-e-type=\"widget\" data-widget_type=\"image.default\">\n\t\t\t\t<div class=\"elementor-widget-container\">\n\t\t\t\t\t\t\t\t\t\t\t\t\t\t\t\t<a href=\"https:\/\/www.calameo.com\/marvilla-tohapi-sweet-mobil-home\/read\/007778111daf03cf30e55?authid=GJCaNn1Nw6Xp\" target=\"_blank\">\n\t\t\t\t\t\t\t<img decoding=\"async\" width=\"239\" height=\"68\" data-src=\"https:\/\/homair-sweetmobilhome.com\/wp-content\/smush-webp\/2024\/06\/cta-agrandir.png.webp\" class=\"attachment-medium size-medium wp-image-83082 lazyload\" alt=\"\" src=\"data:image\/svg+xml;base64,PHN2ZyB3aWR0aD0iMSIgaGVpZ2h0PSIxIiB4bWxucz0iaHR0cDovL3d3dy53My5vcmcvMjAwMC9zdmciPjwvc3ZnPg==\" style=\"--smush-placeholder-width: 239px; --smush-placeholder-aspect-ratio: 239\/68;\" \/>\t\t\t\t\t\t\t\t<\/a>\n\t\t\t\t\t\t\t\t\t\t\t\t\t\t\t<\/div>\n\t\t\t\t<\/div>\n\t\t\t\t<\/div>\n\t\t\t\t<\/div>\n\t\t\t\t<\/div>\n\t\t\t\t<\/div>\n\t\t\t\t\t<\/div>\n\t\t\t\t<\/div>\n\t\t<div class=\"elementor-element elementor-element-1afbd24 e-flex e-con-boxed e-con e-parent\" data-id=\"1afbd24\" data-element_type=\"container\" data-e-type=\"container\" data-settings=\"{&quot;background_background&quot;:&quot;classic&quot;}\">\n\t\t\t\t\t<div class=\"e-con-inner\">\n\t\t\t\t<div class=\"elementor-element elementor-element-2cd9644 elementor-widget elementor-widget-heading\" data-id=\"2cd9644\" data-element_type=\"widget\" data-e-type=\"widget\" data-widget_type=\"heading.default\">\n\t\t\t\t<div class=\"elementor-widget-container\">\n\t\t\t\t\t<h2 class=\"elementor-heading-title elementor-size-default\">En el \u00edndice de tu gu\u00eda: <\/h2>\t\t\t\t<\/div>\n\t\t\t\t<\/div>\n\t\t<div class=\"elementor-element elementor-element-0a620d2 e-con-full e-flex e-con e-child\" data-id=\"0a620d2\" data-element_type=\"container\" data-e-type=\"container\">\n\t\t\t\t<div class=\"elementor-element elementor-element-a673202 elementor-widget__width-initial elementor-widget elementor-widget-text-editor\" data-id=\"a673202\" data-element_type=\"widget\" data-e-type=\"widget\" data-widget_type=\"text-editor.default\">\n\t\t\t\t<div class=\"elementor-widget-container\">\n\t\t\t\t\t\t\t\t\t<p><strong>1. Enlaces \u00fatiles<\/strong><\/p><p>Todos los enlaces para encontrar informaci\u00f3n \u00fatil que te oriente en tu b\u00fasqueda <\/p><p><strong>2. 5 preguntas que debes hacerte<\/strong><\/p><p>Un primer paso crucial para proyectarte mejor en la compra de un mobil-home.<\/p><p><strong>3. Encontrar el camping ideal: 3 soluciones para comparar <\/strong><\/p><p>En formato de tabla, en un mapa interactivo o en un cat\u00e1logo, \u00a1t\u00fa eliges! <\/p>\t\t\t\t\t\t\t\t<\/div>\n\t\t\t\t<\/div>\n\t\t\t\t<div class=\"elementor-element elementor-element-11d0068 elementor-widget__width-initial elementor-widget elementor-widget-text-editor\" data-id=\"11d0068\" data-element_type=\"widget\" data-e-type=\"widget\" data-widget_type=\"text-editor.default\">\n\t\t\t\t<div class=\"elementor-widget-container\">\n\t\t\t\t\t\t\t\t\t<p><strong>5. Nuestra oferta<\/strong><\/p><p>Descubre las ventajas de elegir uno de nuestros campings para hacer realidad tu sue\u00f1o.<\/p><p><strong>6. Comprar un mobil-home en 3 pasos<\/strong><\/p><p>Sencillo y r\u00e1pido, as\u00ed se desarrollan estos 3 pasos clave. <\/p><p><strong>7. Hablemos de dinero<\/strong><\/p><p>Todo lo que necesitas saber sobre nuestros contratos, las ventajas fiscales y la financiaci\u00f3n de tu proyecto.<\/p>\t\t\t\t\t\t\t\t<\/div>\n\t\t\t\t<\/div>\n\t\t\t\t<\/div>\n\t\t\t\t<div class=\"elementor-element elementor-element-401fef0 elementor-align-center elementor-widget__width-initial elementor-widget elementor-widget-button\" data-id=\"401fef0\" data-element_type=\"widget\" data-e-type=\"widget\" data-widget_type=\"button.default\">\n\t\t\t\t<div class=\"elementor-widget-container\">\n\t\t\t\t\t\t\t\t\t<div class=\"elementor-button-wrapper\">\n\t\t\t\t\t<a class=\"elementor-button elementor-button-link elementor-size-sm\" href=\"#titre\">\n\t\t\t\t\t\t<span class=\"elementor-button-content-wrapper\">\n\t\t\t\t\t\t<span class=\"elementor-button-icon\">\n\t\t\t\t<i aria-hidden=\"true\" class=\"fas fa-arrow-right\"><\/i>\t\t\t<\/span>\n\t\t\t\t\t\t\t\t\t<span class=\"elementor-button-text\">Consultar la gu\u00eda<\/span>\n\t\t\t\t\t<\/span>\n\t\t\t\t\t<\/a>\n\t\t\t\t<\/div>\n\t\t\t\t\t\t\t\t<\/div>\n\t\t\t\t<\/div>\n\t\t\t\t\t<\/div>\n\t\t\t\t<\/div>\n\t\t\t\t<\/div>\n\t\t","protected":false},"excerpt":{"rendered":"<p>Descarga 100% gratuita La gu\u00eda completa para comprar un mobil-home Descubre la gu\u00eda ahora: En el \u00edndice de tu gu\u00eda: 1. Enlaces \u00fatiles Todos los enlaces para encontrar informaci\u00f3n \u00fatil que te oriente en tu b\u00fasqueda 2. 5 preguntas que debes hacerte Un primer paso crucial para proyectarte mejor en la compra de un mobil-home. [&hellip;]<\/p>\n","protected":false},"author":7,"featured_media":81463,"parent":0,"menu_order":0,"comment_status":"closed","ping_status":"closed","template":"","meta":{"_acf_changed":false,"_seopress_robots_primary_cat":"","_seopress_titles_title":"","_seopress_titles_desc":"","_seopress_robots_index":"s\u00ed","footnotes":""},"class_list":["post-83568","page","type-page","status-publish","has-post-thumbnail","hentry"],"acf":[],"_links":{"self":[{"href":"https:\/\/homair-sweetmobilhome.com\/es\/wp-json\/wp\/v2\/pages\/83568","targetHints":{"allow":["GET"]}}],"collection":[{"href":"https:\/\/homair-sweetmobilhome.com\/es\/wp-json\/wp\/v2\/pages"}],"about":[{"href":"https:\/\/homair-sweetmobilhome.com\/es\/wp-json\/wp\/v2\/types\/page"}],"author":[{"embeddable":true,"href":"https:\/\/homair-sweetmobilhome.com\/es\/wp-json\/wp\/v2\/users\/7"}],"replies":[{"embeddable":true,"href":"https:\/\/homair-sweetmobilhome.com\/es\/wp-json\/wp\/v2\/comments?post=83568"}],"version-history":[{"count":2,"href":"https:\/\/homair-sweetmobilhome.com\/es\/wp-json\/wp\/v2\/pages\/83568\/revisions"}],"predecessor-version":[{"id":83572,"href":"https:\/\/homair-sweetmobilhome.com\/es\/wp-json\/wp\/v2\/pages\/83568\/revisions\/83572"}],"wp:featuredmedia":[{"embeddable":true,"href":"https:\/\/homair-sweetmobilhome.com\/es\/wp-json\/wp\/v2\/media\/81463"}],"wp:attachment":[{"href":"https:\/\/homair-sweetmobilhome.com\/es\/wp-json\/wp\/v2\/media?parent=83568"}],"curies":[{"name":"wp","href":"https:\/\/api.w.org\/{rel}","templated":true}]}}