{"id":83162,"date":"2024-10-11T11:29:08","date_gmt":"2024-10-11T09:29:08","guid":{"rendered":"https:\/\/homair-sweetmobilhome.com\/accede-a-la-guia-de-subalquiler\/"},"modified":"2026-03-11T01:47:53","modified_gmt":"2026-03-10T23:47:53","slug":"accede-a-la-guia-de-subalquiler","status":"publish","type":"page","link":"https:\/\/homair-sweetmobilhome.com\/es\/accede-a-la-guia-de-subalquiler\/","title":{"rendered":"Accede a la gu\u00eda de subalquiler"},"content":{"rendered":"\t\t<div data-elementor-type=\"wp-page\" data-elementor-id=\"83162\" class=\"elementor elementor-83162 elementor-21580\" data-elementor-post-type=\"page\">\n\t\t\t\t<div class=\"elementor-element elementor-element-d44fe58 e-flex e-con-boxed e-con e-parent\" data-id=\"d44fe58\" data-element_type=\"container\" data-e-type=\"container\" data-settings=\"{&quot;background_background&quot;:&quot;classic&quot;}\">\n\t\t\t\t\t<div class=\"e-con-inner\">\n\t\t<div class=\"elementor-element elementor-element-cdc41d4 e-con-full e-flex e-con e-child\" data-id=\"cdc41d4\" data-element_type=\"container\" data-e-type=\"container\" id=\"accescatalogue\" data-settings=\"{&quot;background_background&quot;:&quot;classic&quot;}\">\n\t\t\t\t<div class=\"elementor-element elementor-element-cf72351 elementor-widget-mobile__width-inherit elementor-hidden-mobile elementor-widget elementor-widget-image\" data-id=\"cf72351\" data-element_type=\"widget\" data-e-type=\"widget\" data-widget_type=\"image.default\">\n\t\t\t\t<div class=\"elementor-widget-container\">\n\t\t\t\t\t\t\t\t\t\t\t\t\t\t\t<img fetchpriority=\"high\" decoding=\"async\" width=\"1076\" height=\"1073\" src=\"https:\/\/homair-sweetmobilhome.com\/wp-content\/smush-webp\/2025\/11\/Mockup-sous-loc-cata-et-fiche-tarif-1076-x-1073.png.webp\" class=\"attachment-full size-full wp-image-83163\" alt=\"\" srcset=\"https:\/\/homair-sweetmobilhome.com\/wp-content\/smush-webp\/2025\/11\/Mockup-sous-loc-cata-et-fiche-tarif-1076-x-1073.png.webp 1076w, https:\/\/homair-sweetmobilhome.com\/wp-content\/smush-webp\/2025\/11\/Mockup-sous-loc-cata-et-fiche-tarif-1076-x-1073-300x300.png.webp 300w, https:\/\/homair-sweetmobilhome.com\/wp-content\/smush-webp\/2025\/11\/Mockup-sous-loc-cata-et-fiche-tarif-1076-x-1073-1024x1021.png.webp 1024w, https:\/\/homair-sweetmobilhome.com\/wp-content\/smush-webp\/2025\/11\/Mockup-sous-loc-cata-et-fiche-tarif-1076-x-1073-150x150.png.webp 150w, https:\/\/homair-sweetmobilhome.com\/wp-content\/smush-webp\/2025\/11\/Mockup-sous-loc-cata-et-fiche-tarif-1076-x-1073-768x766.png.webp 768w\" sizes=\"(max-width: 1076px) 100vw, 1076px\" \/>\t\t\t\t\t\t\t\t\t\t\t\t\t\t\t<\/div>\n\t\t\t\t<\/div>\n\t\t\t\t<\/div>\n\t\t<div class=\"elementor-element elementor-element-56597c5 e-con-full e-flex e-con e-child\" data-id=\"56597c5\" data-element_type=\"container\" data-e-type=\"container\">\n\t\t\t\t<div class=\"elementor-element elementor-element-fffb41d elementor-widget__width-initial elementor-widget elementor-widget-heading\" data-id=\"fffb41d\" data-element_type=\"widget\" data-e-type=\"widget\" id=\"titre\" data-widget_type=\"heading.default\">\n\t\t\t\t<div class=\"elementor-widget-container\">\n\t\t\t\t\t<h2 class=\"elementor-heading-title elementor-size-default\">\u00a1Convi\u00e9rtete en un PRO<br>del alquiler de mobil-homes!<\/h2>\t\t\t\t<\/div>\n\t\t\t\t<\/div>\n\t\t\t\t<div class=\"elementor-element elementor-element-ecd6e99 elementor-widget__width-initial elementor-widget elementor-widget-text-editor\" data-id=\"ecd6e99\" data-element_type=\"widget\" data-e-type=\"widget\" data-widget_type=\"text-editor.default\">\n\t\t\t\t<div class=\"elementor-widget-container\">\n\t\t\t\t\t\t\t\t\t<b>LA gu\u00eda para alquilar tu mobil-home:<\/b>\n<br><br>\u2705 Optimiza tus ingresos por alquiler\n<br><br>\u2705 Gestiona tu propiedad a distancia\n<br><br>\u2705 Evita sorpresas desagradables\t\t\t\t\t\t\t\t<\/div>\n\t\t\t\t<\/div>\n\t\t\t\t<div class=\"elementor-element elementor-element-73d8ba3 elementor-widget-mobile__width-initial elementor-hidden-desktop elementor-hidden-laptop elementor-hidden-tablet elementor-widget elementor-widget-image\" data-id=\"73d8ba3\" data-element_type=\"widget\" data-e-type=\"widget\" data-widget_type=\"image.default\">\n\t\t\t\t<div class=\"elementor-widget-container\">\n\t\t\t\t\t\t\t\t\t\t\t\t\t\t\t\t<a href=\"#accescatalogue\">\n\t\t\t\t\t\t\t<img fetchpriority=\"high\" decoding=\"async\" width=\"1076\" height=\"1073\" src=\"https:\/\/homair-sweetmobilhome.com\/wp-content\/smush-webp\/2025\/11\/Mockup-sous-loc-cata-et-fiche-tarif-1076-x-1073.png.webp\" class=\"attachment-full size-full wp-image-83163\" alt=\"\" srcset=\"https:\/\/homair-sweetmobilhome.com\/wp-content\/smush-webp\/2025\/11\/Mockup-sous-loc-cata-et-fiche-tarif-1076-x-1073.png.webp 1076w, https:\/\/homair-sweetmobilhome.com\/wp-content\/smush-webp\/2025\/11\/Mockup-sous-loc-cata-et-fiche-tarif-1076-x-1073-300x300.png.webp 300w, https:\/\/homair-sweetmobilhome.com\/wp-content\/smush-webp\/2025\/11\/Mockup-sous-loc-cata-et-fiche-tarif-1076-x-1073-1024x1021.png.webp 1024w, https:\/\/homair-sweetmobilhome.com\/wp-content\/smush-webp\/2025\/11\/Mockup-sous-loc-cata-et-fiche-tarif-1076-x-1073-150x150.png.webp 150w, https:\/\/homair-sweetmobilhome.com\/wp-content\/smush-webp\/2025\/11\/Mockup-sous-loc-cata-et-fiche-tarif-1076-x-1073-768x766.png.webp 768w\" sizes=\"(max-width: 1076px) 100vw, 1076px\" \/>\t\t\t\t\t\t\t\t<\/a>\n\t\t\t\t\t\t\t\t\t\t\t\t\t\t\t<\/div>\n\t\t\t\t<\/div>\n\t\t<div class=\"elementor-element elementor-element-f933429 e-con-full e-flex e-con e-child\" data-id=\"f933429\" data-element_type=\"container\" data-e-type=\"container\" data-settings=\"{&quot;background_background&quot;:&quot;classic&quot;}\">\n\t\t\t\t<div class=\"elementor-element elementor-element-f011070 elementor-widget__width-initial elementor-widget elementor-widget-heading\" data-id=\"f011070\" data-element_type=\"widget\" data-e-type=\"widget\" data-widget_type=\"heading.default\">\n\t\t\t\t<div class=\"elementor-widget-container\">\n\t\t\t\t\t<h2 class=\"elementor-heading-title elementor-size-default\">Descubre la gu\u00eda ahora mismo:<\/h2>\t\t\t\t<\/div>\n\t\t\t\t<\/div>\n\t\t\t\t<div class=\"elementor-element elementor-element-ff75d10 elementor-widget__width-inherit elementor-hidden-mobile elementor-widget elementor-widget-html\" data-id=\"ff75d10\" data-element_type=\"widget\" data-e-type=\"widget\" data-widget_type=\"html.default\">\n\t\t\t\t<div class=\"elementor-widget-container\">\n\t\t\t\t\t\n\n<div style=\"text-align:center;\"><iframe data-src=\"\/\/v.calameo.com\/?bkcode=0077781111a18e47ca3ab&amp;AuthID=AYxF1hcsP2EU&amp;mode=mini&amp;view=book&amp;clickto=view&amp;autoflip=4&amp;clicktarget=_blank\" width=\"100%\" height=\"400\" frameborder=\"0\" scrolling=\"no\" allowtransparency=\"\" allowfullscreen=\"\" style=\"margin:0 auto;\" src=\"data:image\/svg+xml;base64,PHN2ZyB3aWR0aD0iMSIgaGVpZ2h0PSIxIiB4bWxucz0iaHR0cDovL3d3dy53My5vcmcvMjAwMC9zdmciPjwvc3ZnPg==\" class=\"lazyload\" data-load-mode=\"1\"><\/iframe><\/div>\t\t\t\t<\/div>\n\t\t\t\t<\/div>\n\t\t\t\t<div class=\"elementor-element elementor-element-0cdc365 elementor-widget__width-inherit elementor-hidden-desktop elementor-hidden-laptop elementor-hidden-tablet elementor-widget elementor-widget-html\" data-id=\"0cdc365\" data-element_type=\"widget\" data-e-type=\"widget\" data-widget_type=\"html.default\">\n\t\t\t\t<div class=\"elementor-widget-container\">\n\t\t\t\t\t\n\n<div style=\"text-align:center;\"><iframe data-src=\"\/\/v.calameo.com\/?bkcode=0077781111a18e47ca3ab&amp;AuthID=AYxF1hcsP2EU&amp;mode=mini&amp;view=book&amp;clickto=view&amp;autoflip=4&amp;clicktarget=_blank\" width=\"100%\" height=\"220\" frameborder=\"0\" scrolling=\"no\" allowtransparency=\"\" allowfullscreen=\"\" style=\"margin:0 auto;\" src=\"data:image\/svg+xml;base64,PHN2ZyB3aWR0aD0iMSIgaGVpZ2h0PSIxIiB4bWxucz0iaHR0cDovL3d3dy53My5vcmcvMjAwMC9zdmciPjwvc3ZnPg==\" class=\"lazyload\" data-load-mode=\"1\"><\/iframe><\/div>\t\t\t\t<\/div>\n\t\t\t\t<\/div>\n\t\t<div class=\"elementor-element elementor-element-66afced e-con-full e-flex e-con e-child\" data-id=\"66afced\" data-element_type=\"container\" data-e-type=\"container\">\n\t\t\t\t<div class=\"elementor-element elementor-element-5821498 popmake-contact elementor-widget elementor-widget-image\" data-id=\"5821498\" data-element_type=\"widget\" data-e-type=\"widget\" data-widget_type=\"image.default\">\n\t\t\t\t<div class=\"elementor-widget-container\">\n\t\t\t\t\t\t\t\t\t\t\t\t\t\t\t\t<a href=\"#\">\n\t\t\t\t\t\t\t<img decoding=\"async\" width=\"228\" height=\"57\" data-src=\"https:\/\/homair-sweetmobilhome.com\/wp-content\/smush-webp\/2024\/06\/cta-etre-rappele.png.webp\" class=\"attachment-medium size-medium wp-image-83083 lazyload\" alt=\"\" src=\"data:image\/svg+xml;base64,PHN2ZyB3aWR0aD0iMSIgaGVpZ2h0PSIxIiB4bWxucz0iaHR0cDovL3d3dy53My5vcmcvMjAwMC9zdmciPjwvc3ZnPg==\" style=\"--smush-placeholder-width: 228px; --smush-placeholder-aspect-ratio: 228\/57;\" \/>\t\t\t\t\t\t\t\t<\/a>\n\t\t\t\t\t\t\t\t\t\t\t\t\t\t\t<\/div>\n\t\t\t\t<\/div>\n\t\t\t\t<div class=\"elementor-element elementor-element-77d11b9 elementor-widget elementor-widget-image\" data-id=\"77d11b9\" data-element_type=\"widget\" data-e-type=\"widget\" data-widget_type=\"image.default\">\n\t\t\t\t<div class=\"elementor-widget-container\">\n\t\t\t\t\t\t\t\t\t\t\t\t\t\t\t\t<a href=\"https:\/\/www.calameo.com\/read\/0077781111a18e47ca3ab?authid=AYxF1hcsP2EU&#038;view=book&#038;page=1\" target=\"_blank\">\n\t\t\t\t\t\t\t<img decoding=\"async\" width=\"239\" height=\"68\" data-src=\"https:\/\/homair-sweetmobilhome.com\/wp-content\/smush-webp\/2024\/06\/cta-agrandir.png.webp\" class=\"attachment-medium size-medium wp-image-83082 lazyload\" alt=\"\" src=\"data:image\/svg+xml;base64,PHN2ZyB3aWR0aD0iMSIgaGVpZ2h0PSIxIiB4bWxucz0iaHR0cDovL3d3dy53My5vcmcvMjAwMC9zdmciPjwvc3ZnPg==\" style=\"--smush-placeholder-width: 239px; --smush-placeholder-aspect-ratio: 239\/68;\" \/>\t\t\t\t\t\t\t\t<\/a>\n\t\t\t\t\t\t\t\t\t\t\t\t\t\t\t<\/div>\n\t\t\t\t<\/div>\n\t\t\t\t<\/div>\n\t\t\t\t<\/div>\n\t\t\t\t<\/div>\n\t\t\t\t\t<\/div>\n\t\t\t\t<\/div>\n\t\t<div class=\"elementor-element elementor-element-1afbd24 e-flex e-con-boxed e-con e-parent\" data-id=\"1afbd24\" data-element_type=\"container\" data-e-type=\"container\" data-settings=\"{&quot;background_background&quot;:&quot;classic&quot;}\">\n\t\t\t\t\t<div class=\"e-con-inner\">\n\t\t\t\t<div class=\"elementor-element elementor-element-2cd9644 elementor-widget elementor-widget-heading\" data-id=\"2cd9644\" data-element_type=\"widget\" data-e-type=\"widget\" data-widget_type=\"heading.default\">\n\t\t\t\t<div class=\"elementor-widget-container\">\n\t\t\t\t\t<h2 class=\"elementor-heading-title elementor-size-default\">En el \u00edndice de tu gu\u00eda de subalquiler: <\/h2>\t\t\t\t<\/div>\n\t\t\t\t<\/div>\n\t\t<div class=\"elementor-element elementor-element-0a620d2 e-con-full e-flex e-con e-child\" data-id=\"0a620d2\" data-element_type=\"container\" data-e-type=\"container\">\n\t\t\t\t<div class=\"elementor-element elementor-element-a673202 elementor-widget__width-initial elementor-widget elementor-widget-text-editor\" data-id=\"a673202\" data-element_type=\"widget\" data-e-type=\"widget\" data-widget_type=\"text-editor.default\">\n\t\t\t\t<div class=\"elementor-widget-container\">\n\t\t\t\t\t\t\t\t\t<p><strong>1. Las opciones posibles<\/strong><\/p><p>Descubre las 3 soluciones que tienes a tu disposici\u00f3n para subalquilar tu mobil-home. <\/p><p><strong>2. Nuestras f\u00f3rmulas de subalquiler<\/strong><\/p><p>Una comparativa detallada entre las 3 soluciones para que puedas elegir la mejor opci\u00f3n.<\/p><p><strong>3. Nuestros periodos de subalquiler <\/strong><\/p><p>Con Homair Sweet mobil-home, disfruta de fechas de apertura ampliadas. <\/p><p><strong>4. Las condiciones<\/strong><\/p><p>Las reglas que debes conocer para poner en alquiler tu mobil-home. <\/p>\t\t\t\t\t\t\t\t<\/div>\n\t\t\t\t<\/div>\n\t\t\t\t<div class=\"elementor-element elementor-element-11d0068 elementor-widget__width-initial elementor-widget elementor-widget-text-editor\" data-id=\"11d0068\" data-element_type=\"widget\" data-e-type=\"widget\" data-widget_type=\"text-editor.default\">\n\t\t\t\t<div class=\"elementor-widget-container\">\n\t\t\t\t\t\t\t\t\t<p><strong>5. La recepci\u00f3n de tus inquilinos<\/strong><\/p><p>Los gastos previstos para la recepci\u00f3n de tus inquilinos y todo lo que est\u00e1 incluido.<\/p><p><strong>6. Servicio de conserjer\u00eda<\/strong><\/p><p>La clave para gestionar tu mobil-home a distancia. Desde el mantenimiento de la parcela hasta la entrega de llaves, \u00a1nuestro servicio de conserjer\u00eda se encarga de todo! <\/p><p><strong>7. El inventario<\/strong><\/p><p>Todo lo que necesitas en tu mobil-home para subalquilarlo.<\/p><p><strong>8. Informaci\u00f3n \u00fatil<\/strong><\/p><p>\u00bfA\u00fan tienes dudas? Las resolvemos en esta secci\u00f3n. <\/p>\t\t\t\t\t\t\t\t<\/div>\n\t\t\t\t<\/div>\n\t\t\t\t<\/div>\n\t\t\t\t<div class=\"elementor-element elementor-element-401fef0 elementor-align-center elementor-widget__width-initial elementor-widget elementor-widget-button\" data-id=\"401fef0\" data-element_type=\"widget\" data-e-type=\"widget\" data-widget_type=\"button.default\">\n\t\t\t\t<div class=\"elementor-widget-container\">\n\t\t\t\t\t\t\t\t\t<div class=\"elementor-button-wrapper\">\n\t\t\t\t\t<a class=\"elementor-button elementor-button-link elementor-size-sm\" href=\"#titre\">\n\t\t\t\t\t\t<span class=\"elementor-button-content-wrapper\">\n\t\t\t\t\t\t<span class=\"elementor-button-icon\">\n\t\t\t\t<i aria-hidden=\"true\" class=\"fas fa-arrow-right\"><\/i>\t\t\t<\/span>\n\t\t\t\t\t\t\t\t\t<span class=\"elementor-button-text\">Consultar la gu\u00eda<\/span>\n\t\t\t\t\t<\/span>\n\t\t\t\t\t<\/a>\n\t\t\t\t<\/div>\n\t\t\t\t\t\t\t\t<\/div>\n\t\t\t\t<\/div>\n\t\t\t\t\t<\/div>\n\t\t\t\t<\/div>\n\t\t\t\t<\/div>\n\t\t","protected":false},"excerpt":{"rendered":"<p>Ya eres propietario de un mobil-home con nosotros; esta gu\u00eda te ayudar\u00e1 a saberlo todo sobre el subalquiler de tu propiedad<\/p>\n","protected":false},"author":7,"featured_media":81463,"parent":0,"menu_order":0,"comment_status":"closed","ping_status":"closed","template":"","meta":{"_acf_changed":false,"_seopress_robots_primary_cat":"","_seopress_titles_title":"\u00a1Convi\u00e9rtete en un profesional del alquiler de mobil-homes!","_seopress_titles_desc":"Si tienes previsto comprar un mobil-home o ya eres propietario, esta gu\u00eda te ayudar\u00e1 a saberlo todo sobre el subalquiler de tu propiedad","_seopress_robots_index":"s\u00ed","footnotes":""},"class_list":["post-83162","page","type-page","status-publish","has-post-thumbnail","hentry"],"acf":[],"_links":{"self":[{"href":"https:\/\/homair-sweetmobilhome.com\/es\/wp-json\/wp\/v2\/pages\/83162","targetHints":{"allow":["GET"]}}],"collection":[{"href":"https:\/\/homair-sweetmobilhome.com\/es\/wp-json\/wp\/v2\/pages"}],"about":[{"href":"https:\/\/homair-sweetmobilhome.com\/es\/wp-json\/wp\/v2\/types\/page"}],"author":[{"embeddable":true,"href":"https:\/\/homair-sweetmobilhome.com\/es\/wp-json\/wp\/v2\/users\/7"}],"replies":[{"embeddable":true,"href":"https:\/\/homair-sweetmobilhome.com\/es\/wp-json\/wp\/v2\/comments?post=83162"}],"version-history":[{"count":2,"href":"https:\/\/homair-sweetmobilhome.com\/es\/wp-json\/wp\/v2\/pages\/83162\/revisions"}],"predecessor-version":[{"id":83165,"href":"https:\/\/homair-sweetmobilhome.com\/es\/wp-json\/wp\/v2\/pages\/83162\/revisions\/83165"}],"wp:featuredmedia":[{"embeddable":true,"href":"https:\/\/homair-sweetmobilhome.com\/es\/wp-json\/wp\/v2\/media\/81463"}],"wp:attachment":[{"href":"https:\/\/homair-sweetmobilhome.com\/es\/wp-json\/wp\/v2\/media?parent=83162"}],"curies":[{"name":"wp","href":"https:\/\/api.w.org\/{rel}","templated":true}]}}