{"id":83080,"date":"2024-06-21T11:03:48","date_gmt":"2024-06-21T09:03:48","guid":{"rendered":"https:\/\/homair-sweetmobilhome.com\/descubre-nuestro-catalogo\/"},"modified":"2026-03-11T01:47:36","modified_gmt":"2026-03-10T23:47:36","slug":"descubre-nuestro-catalogo","status":"publish","type":"page","link":"https:\/\/homair-sweetmobilhome.com\/es\/descubre-nuestro-catalogo\/","title":{"rendered":"DESCUBRE NUESTRO CAT\u00c1LOGO"},"content":{"rendered":"\t\t<div data-elementor-type=\"wp-page\" data-elementor-id=\"83080\" class=\"elementor elementor-83080 elementor-12759\" data-elementor-post-type=\"page\">\n\t\t\t\t<div class=\"elementor-element elementor-element-d44fe58 e-flex e-con-boxed e-con e-parent\" data-id=\"d44fe58\" data-element_type=\"container\" data-e-type=\"container\" data-settings=\"{&quot;background_background&quot;:&quot;classic&quot;}\">\n\t\t\t\t\t<div class=\"e-con-inner\">\n\t\t<div class=\"elementor-element elementor-element-56597c5 e-con-full e-flex e-con e-child\" data-id=\"56597c5\" data-element_type=\"container\" data-e-type=\"container\">\n\t\t\t\t<div class=\"elementor-element elementor-element-cf72351 elementor-widget-mobile__width-inherit elementor-hidden-mobile elementor-widget elementor-widget-image\" data-id=\"cf72351\" data-element_type=\"widget\" data-e-type=\"widget\" data-widget_type=\"image.default\">\n\t\t\t\t<div class=\"elementor-widget-container\">\n\t\t\t\t\t\t\t\t\t\t\t\t\t\t\t<img fetchpriority=\"high\" decoding=\"async\" width=\"768\" height=\"331\" src=\"https:\/\/homair-sweetmobilhome.com\/wp-content\/smush-webp\/2025\/11\/768x331-v2-1.jpg.webp\" class=\"attachment-full size-full wp-image-83085\" alt=\"\" srcset=\"https:\/\/homair-sweetmobilhome.com\/wp-content\/smush-webp\/2025\/11\/768x331-v2-1.jpg.webp 768w, https:\/\/homair-sweetmobilhome.com\/wp-content\/smush-webp\/2025\/11\/768x331-v2-1-300x129.jpg.webp 300w\" sizes=\"(max-width: 768px) 100vw, 768px\" \/>\t\t\t\t\t\t\t\t\t\t\t\t\t\t\t<\/div>\n\t\t\t\t<\/div>\n\t\t<div class=\"elementor-element elementor-element-173b17b e-con-full e-flex e-con e-child\" data-id=\"173b17b\" data-element_type=\"container\" data-e-type=\"container\" data-settings=\"{&quot;background_background&quot;:&quot;classic&quot;}\">\n\t\t\t\t<div class=\"elementor-element elementor-element-ea0ea5c elementor-widget elementor-widget-text-editor\" data-id=\"ea0ea5c\" data-element_type=\"widget\" data-e-type=\"widget\" data-widget_type=\"text-editor.default\">\n\t\t\t\t<div class=\"elementor-widget-container\">\n\t\t\t\t\t\t\t\t\t<p style=\"font-size: 1.8em;\"><b>Ll\u00e1manos <\/b><\/p>\nn\u00famero gratuito: <span style=\"color:#FFAD00\"><b>04 30 05 17 50<\/b><\/span>\n<p style=\"font-size: 1.8em;\"><b>Escr\u00edbenos <\/b><\/p>\npor correo electr\u00f3nico a la direcci\u00f3n vente-mobilhome@sweetmobilhome.com\n<br>o utilizando nuestro <a href=\"#\" class=\"popmake-contact\">formulario de contacto<\/a>\t\t\t\t\t\t\t\t<\/div>\n\t\t\t\t<\/div>\n\t\t\t\t<div class=\"elementor-element elementor-element-fa21cc2 elementor-widget-divider--view-line elementor-widget elementor-widget-divider\" data-id=\"fa21cc2\" data-element_type=\"widget\" data-e-type=\"widget\" data-widget_type=\"divider.default\">\n\t\t\t\t<div class=\"elementor-widget-container\">\n\t\t\t\t\t\t\t<div class=\"elementor-divider\">\n\t\t\t<span class=\"elementor-divider-separator\">\n\t\t\t\t\t\t<\/span>\n\t\t<\/div>\n\t\t\t\t\t\t<\/div>\n\t\t\t\t<\/div>\n\t\t\t\t<div class=\"elementor-element elementor-element-97a8531 elementor-widget elementor-widget-text-editor\" data-id=\"97a8531\" data-element_type=\"widget\" data-e-type=\"widget\" data-widget_type=\"text-editor.default\">\n\t\t\t\t<div class=\"elementor-widget-container\">\n\t\t\t\t\t\t\t\t\t<p style=\"font-size:1.8em\"><b>Horario de apertura: <\/b><\/p>\n\n<p>lunes a viernes: 09:00-20:00\n<\/p>\n<p>s\u00e1bado: 10:00-14:00<\/p>\t\t\t\t\t\t\t\t<\/div>\n\t\t\t\t<\/div>\n\t\t\t\t<\/div>\n\t\t\t\t<\/div>\n\t\t<div class=\"elementor-element elementor-element-cdc41d4 e-con-full e-flex e-con e-child\" data-id=\"cdc41d4\" data-element_type=\"container\" data-e-type=\"container\" id=\"accescatalogue\">\n\t\t<div class=\"elementor-element elementor-element-f933429 e-con-full e-flex e-con e-child\" data-id=\"f933429\" data-element_type=\"container\" data-e-type=\"container\" data-settings=\"{&quot;background_background&quot;:&quot;classic&quot;}\">\n\t\t\t\t<div class=\"elementor-element elementor-element-e6f81a4 elementor-widget__width-initial elementor-widget elementor-widget-heading\" data-id=\"e6f81a4\" data-element_type=\"widget\" data-e-type=\"widget\" data-widget_type=\"heading.default\">\n\t\t\t\t<div class=\"elementor-widget-container\">\n\t\t\t\t\t<h2 class=\"elementor-heading-title elementor-size-default\">Descubre nuestro cat\u00e1logo<\/h2>\t\t\t\t<\/div>\n\t\t\t\t<\/div>\n\t\t\t\t<div class=\"elementor-element elementor-element-fb5135f elementor-widget__width-initial elementor-widget elementor-widget-heading\" data-id=\"fb5135f\" data-element_type=\"widget\" data-e-type=\"widget\" data-widget_type=\"heading.default\">\n\t\t\t\t<div class=\"elementor-widget-container\">\n\t\t\t\t\t<p class=\"elementor-heading-title elementor-size-default\">\u00a1Accede ahora a nuestro nuevo cat\u00e1logo interactivo con toda la informaci\u00f3n sobre el funcionamiento y los campings disponibles! <\/p>\t\t\t\t<\/div>\n\t\t\t\t<\/div>\n\t\t\t\t<div class=\"elementor-element elementor-element-b6ccdbd elementor-widget__width-inherit elementor-hidden-mobile elementor-widget elementor-widget-html\" data-id=\"b6ccdbd\" data-element_type=\"widget\" data-e-type=\"widget\" data-widget_type=\"html.default\">\n\t\t\t\t<div class=\"elementor-widget-container\">\n\t\t\t\t\t\n\n<div style=\"text-align:center;\"><iframe data-src=\"\/\/v.calameo.com\/?bkcode=00777811137d62eb8cdc7&amp;AuthID=Rd0cA6r20PRo&amp;mode=mini&amp;view=book&amp;clickto=embed&amp;autoflip=4&amp;clicktarget=_blank\" width=\"100%\" height=\"400\" frameborder=\"0\" scrolling=\"no\" allowtransparency=\"\" allowfullscreen=\"\" style=\"margin:0 auto;\" src=\"data:image\/svg+xml;base64,PHN2ZyB3aWR0aD0iMSIgaGVpZ2h0PSIxIiB4bWxucz0iaHR0cDovL3d3dy53My5vcmcvMjAwMC9zdmciPjwvc3ZnPg==\" class=\"lazyload\" data-load-mode=\"1\"><\/iframe><\/div>\t\t\t\t<\/div>\n\t\t\t\t<\/div>\n\t\t\t\t<div class=\"elementor-element elementor-element-2b59462 elementor-widget__width-inherit elementor-hidden-desktop elementor-hidden-laptop elementor-hidden-tablet elementor-widget elementor-widget-html\" data-id=\"2b59462\" data-element_type=\"widget\" data-e-type=\"widget\" data-widget_type=\"html.default\">\n\t\t\t\t<div class=\"elementor-widget-container\">\n\t\t\t\t\t\n\n<div style=\"text-align:center;\"><iframe data-src=\"\/\/v.calameo.com\/?bkcode=00777811137d62eb8cdc7&amp;AuthID=Rd0cA6r20PRo&amp;mode=mini&amp;view=book&amp;clickto=embed&amp;autoflip=4&amp;clicktarget=_blank\" width=\"100%\" height=\"220\" frameborder=\"0\" scrolling=\"no\" allowtransparency=\"\" allowfullscreen=\"\" style=\"margin:0 auto;\" src=\"data:image\/svg+xml;base64,PHN2ZyB3aWR0aD0iMSIgaGVpZ2h0PSIxIiB4bWxucz0iaHR0cDovL3d3dy53My5vcmcvMjAwMC9zdmciPjwvc3ZnPg==\" class=\"lazyload\" data-load-mode=\"1\"><\/iframe><\/div>\t\t\t\t<\/div>\n\t\t\t\t<\/div>\n\t\t<div class=\"elementor-element elementor-element-fca058e e-con-full e-flex e-con e-child\" data-id=\"fca058e\" data-element_type=\"container\" data-e-type=\"container\">\n\t\t\t\t<div class=\"elementor-element elementor-element-eb6937d elementor-widget elementor-widget-image\" data-id=\"eb6937d\" data-element_type=\"widget\" data-e-type=\"widget\" data-widget_type=\"image.default\">\n\t\t\t\t<div class=\"elementor-widget-container\">\n\t\t\t\t\t\t\t\t\t\t\t\t\t\t\t\t<a href=\"https:\/\/www.calameo.com\/read\/00777811137d62eb8cdc7?authid=Rd0cA6r20PRo&#038;view=book&#038;page=1\" target=\"_blank\">\n\t\t\t\t\t\t\t<img decoding=\"async\" width=\"239\" height=\"68\" data-src=\"https:\/\/homair-sweetmobilhome.com\/wp-content\/smush-webp\/2024\/06\/cta-agrandir.png.webp\" class=\"attachment-medium size-medium wp-image-83082 lazyload\" alt=\"\" src=\"data:image\/svg+xml;base64,PHN2ZyB3aWR0aD0iMSIgaGVpZ2h0PSIxIiB4bWxucz0iaHR0cDovL3d3dy53My5vcmcvMjAwMC9zdmciPjwvc3ZnPg==\" style=\"--smush-placeholder-width: 239px; --smush-placeholder-aspect-ratio: 239\/68;\" \/>\t\t\t\t\t\t\t\t<\/a>\n\t\t\t\t\t\t\t\t\t\t\t\t\t\t\t<\/div>\n\t\t\t\t<\/div>\n\t\t\t\t<div class=\"elementor-element elementor-element-0029e4a popmake-contact elementor-widget elementor-widget-image\" data-id=\"0029e4a\" data-element_type=\"widget\" data-e-type=\"widget\" data-widget_type=\"image.default\">\n\t\t\t\t<div class=\"elementor-widget-container\">\n\t\t\t\t\t\t\t\t\t\t\t\t\t\t\t\t<a href=\"#\">\n\t\t\t\t\t\t\t<img decoding=\"async\" width=\"228\" height=\"57\" data-src=\"https:\/\/homair-sweetmobilhome.com\/wp-content\/smush-webp\/2024\/06\/cta-etre-rappele.png.webp\" class=\"attachment-medium size-medium wp-image-83083 lazyload\" alt=\"\" src=\"data:image\/svg+xml;base64,PHN2ZyB3aWR0aD0iMSIgaGVpZ2h0PSIxIiB4bWxucz0iaHR0cDovL3d3dy53My5vcmcvMjAwMC9zdmciPjwvc3ZnPg==\" style=\"--smush-placeholder-width: 228px; --smush-placeholder-aspect-ratio: 228\/57;\" \/>\t\t\t\t\t\t\t\t<\/a>\n\t\t\t\t\t\t\t\t\t\t\t\t\t\t\t<\/div>\n\t\t\t\t<\/div>\n\t\t\t\t<\/div>\n\t\t\t\t<\/div>\n\t\t\t\t<\/div>\n\t\t\t\t\t<\/div>\n\t\t\t\t<\/div>\n\t\t\t\t<\/div>\n\t\t","protected":false},"excerpt":{"rendered":"<p>Ll\u00e1manos n\u00famero gratuito: 04 30 05 17 50 Escr\u00edbenos por correo electr\u00f3nico a la direcci\u00f3n vente-mobilhome@sweetmobilhome.com o utilizando nuestro formulario de contacto Horario de apertura: lunes a viernes: 09:00-20:00 s\u00e1bado: 10:00-14:00 Descubre nuestro cat\u00e1logo \u00a1Accede ahora a nuestro nuevo cat\u00e1logo interactivo con toda la informaci\u00f3n sobre el funcionamiento y los campings disponibles!<\/p>\n","protected":false},"author":7,"featured_media":82884,"parent":0,"menu_order":0,"comment_status":"closed","ping_status":"closed","template":"","meta":{"_acf_changed":false,"_seopress_robots_primary_cat":"","_seopress_titles_title":"","_seopress_titles_desc":"","_seopress_robots_index":"s\u00ed","footnotes":""},"class_list":["post-83080","page","type-page","status-publish","has-post-thumbnail","hentry"],"acf":[],"_links":{"self":[{"href":"https:\/\/homair-sweetmobilhome.com\/es\/wp-json\/wp\/v2\/pages\/83080","targetHints":{"allow":["GET"]}}],"collection":[{"href":"https:\/\/homair-sweetmobilhome.com\/es\/wp-json\/wp\/v2\/pages"}],"about":[{"href":"https:\/\/homair-sweetmobilhome.com\/es\/wp-json\/wp\/v2\/types\/page"}],"author":[{"embeddable":true,"href":"https:\/\/homair-sweetmobilhome.com\/es\/wp-json\/wp\/v2\/users\/7"}],"replies":[{"embeddable":true,"href":"https:\/\/homair-sweetmobilhome.com\/es\/wp-json\/wp\/v2\/comments?post=83080"}],"version-history":[{"count":2,"href":"https:\/\/homair-sweetmobilhome.com\/es\/wp-json\/wp\/v2\/pages\/83080\/revisions"}],"predecessor-version":[{"id":83088,"href":"https:\/\/homair-sweetmobilhome.com\/es\/wp-json\/wp\/v2\/pages\/83080\/revisions\/83088"}],"wp:featuredmedia":[{"embeddable":true,"href":"https:\/\/homair-sweetmobilhome.com\/es\/wp-json\/wp\/v2\/media\/82884"}],"wp:attachment":[{"href":"https:\/\/homair-sweetmobilhome.com\/es\/wp-json\/wp\/v2\/media?parent=83080"}],"curies":[{"name":"wp","href":"https:\/\/api.w.org\/{rel}","templated":true}]}}