{"id":82861,"date":"2023-12-05T15:04:50","date_gmt":"2023-12-05T13:04:50","guid":{"rendered":"https:\/\/homair-sweetmobilhome.com\/aviso-legal\/"},"modified":"2026-03-11T01:47:04","modified_gmt":"2026-03-10T23:47:04","slug":"aviso-legal","status":"publish","type":"page","link":"https:\/\/homair-sweetmobilhome.com\/es\/aviso-legal\/","title":{"rendered":"Aviso legal"},"content":{"rendered":"\t\t<div data-elementor-type=\"wp-page\" data-elementor-id=\"82861\" class=\"elementor elementor-82861 elementor-2456\" data-elementor-post-type=\"page\">\n\t\t\t\t<div class=\"elementor-element elementor-element-47199721 e-flex e-con-boxed e-con e-parent\" data-id=\"47199721\" data-element_type=\"container\" data-e-type=\"container\">\n\t\t\t\t\t<div class=\"e-con-inner\">\n\t\t\t\t<div class=\"elementor-element elementor-element-3b01e7ce elementor-widget elementor-widget-text-editor\" data-id=\"3b01e7ce\" data-element_type=\"widget\" data-e-type=\"widget\" data-widget_type=\"text-editor.default\">\n\t\t\t\t<div class=\"elementor-widget-container\">\n\t\t\t\t\t\t\t\t\t<h1><strong>AVISO LEGAL<\/strong><\/h1>\n<h2><strong>CONDICIONES GENERALES DE USO DEL SITIO WEB Y AVISO LEGAL <\/strong><\/h2>\n<p>Actualmente est\u00e1 usted conectado\/a al sitio web de reserva de estancias en campings de la sociedad Homair Vacances. Conforme a la ley, le invitamos a leer las presentes condiciones de uso de este sitio web <a href=\"https:\/\/homair-sweetmobilhome.com\/es\/\">homair-sweetmobilhome.com<\/a> (en adelante, el \u00abSitio\u00bb). <\/p>\n<p> <\/p>\n<p>Su uso de nuestro Sitio implica la aceptaci\u00f3n plena y completa de todas las condiciones de uso.<\/p>\n<p>Estas condiciones pueden ser modificadas o complementadas en cualquier momento, por lo que se invita a los usuarios del Sitio a consultarlas regularmente.<\/p>\n<p> <\/p>\n<p>El Sitio es actualizado regularmente por el webmaster. Del mismo modo, el aviso legal puede ser modificado en cualquier momento: no obstante, es vinculante para el usuario, a quien se invita a consultarlo con la mayor frecuencia posible para informarse. <\/p>\n<p> <\/p>\n<p><strong>Informaci\u00f3n del Editor: <\/strong><\/p>\n<p>El sitio web de la siguiente marca: Homair Sweet Mobil-home es editado y operado por la sociedad Homair Vacances, Sociedad por Acciones Simplificada con un capital de 329.072.345 euros, inscrita en el R.C.S. de Aix-en-Provence con el N.\u00ba 484 881 917, SIRET N.\u00ba 484 881 917 00013, con domicilio social en Immeuble Le Derby, 570 avenue du Club Hippique, CS 20405, 13097 AIX EN PROVENCE CEDEX 02, representada por su Director General, M. Quentin SCHAEPELYNCK.<\/p>\n<p>El Director de Publicaci\u00f3n del Sitio es M. Quentin SCHAEPELYNCK, Director General de la Sociedad Homair Vacances.<\/p>\n<p><span style=\"background-color: transparent; color: inherit; text-align: var(--text-align);\">El alojamiento de este sitio web es proporcionado por Kinsta &#8211; 8605 Santa Monica Blvd #92581, West Hollywood, CA 90069.<\/span><\/p>\n<p><strong style=\"background-color: transparent; color: inherit; text-align: var(--text-align);\"> <\/strong><\/p>\n<p><strong style=\"background-color: transparent; color: inherit; text-align: var(--text-align);\">Propiedad intelectual:<\/strong><\/p>\n<p><em> <\/em><\/p>\n<p><em>Las marcas:<\/em><\/p>\n<p>Este sitio web es propiedad de la sociedad Homair Vacances.<\/p>\n<p>La marca Homair Sweet Mobil-home o cualquier otra marca que aparezca en el sitio web son marcas registradas. Estas marcas est\u00e1n protegidas por el C\u00f3digo de la Propiedad Intelectual, por lo tanto, cualquier infracci\u00f3n de este derecho, mediante copia o uso permanente o temporal de las mismas, sin autorizaci\u00f3n expresa y por escrito de Homair Vacances, est\u00e1 prohibida y constituye un acto de falsificaci\u00f3n. <\/p>\n<p> <\/p>\n<p><em>Derechos de autor y Copyright: <\/em><\/p>\n<p>Todo el contenido del sitio web: nombres de dominio, pel\u00edculas, sonidos, datos, textos, informaci\u00f3n, im\u00e1genes, fotograf\u00edas est\u00e1n protegidos por derechos de autor. El usuario del sitio web no puede utilizar el contenido del sitio web para un uso que no sea estrictamente privado. Por lo tanto, salvo acuerdo escrito de Homair Vacances, cualquier reproducci\u00f3n, representaci\u00f3n, uso o adaptaci\u00f3n, en cualquier forma, de todo o parte del contenido del sitio web constituye un acto de falsificaci\u00f3n.  <\/p>\n<p> <\/p>\n<p><em>Cr\u00e9ditos fotogr\u00e1ficos: <\/em><\/p>\n<p>Paul DUBUISSON &#8211; Noir Brillant, J.N. Guillo, Fotolia, Getty Images, Homair, D. Cavaillez\/NPS &#8211; New Phox Studio, O.Mussi &#8211; Aerofilm, MyPhotoAgency<\/p>\n<p> <\/p>\n<p><strong>Uso del sitio:<\/strong><\/p>\n<p>Nuestro sitio web se pone a disposici\u00f3n del p\u00fablico \u00fanicamente para informarle sobre nuestras ofertas. En ning\u00fan caso el usuario utilizar\u00e1 el sitio web con fines ileg\u00edtimos e ilegales. <\/p>\n<p>En caso de incumplimiento por parte del usuario de las presentes condiciones de uso, nos reservamos el derecho, en cualquier momento y sin previo aviso, de prohibir o restringir el acceso a todo o parte del sitio web, sin perjuicio de una posible acci\u00f3n judicial por nuestra parte.<\/p>\n<p>Menores: el uso de este sitio web est\u00e1 prohibido a los menores. Solo puede utilizar este sitio web si es mayor de edad seg\u00fan la ley aplicable en su pa\u00eds (18 a\u00f1os para Francia) y, por lo tanto, tiene la capacidad de firmar contratos que comprometan su responsabilidad. <\/p>\n<p> <\/p>\n<p><strong>Acceso al sitio web:<\/strong><\/p>\n<p>Homair Vacances no puede garantizar el acceso ininterrumpido al sitio web. Puede ocurrir que el servicio sea inaccesible durante problemas de mantenimiento o reparaciones, o debido a problemas inform\u00e1ticos, una interrupci\u00f3n del servicio de internet u otras circunstancias imprevistas. Del mismo modo, Homair Vacances no es responsable de los retrasos, dificultades de uso o la incompatibilidad entre este sitio y archivos, su navegador o cualquier otro programa de acceso al sitio web.   <\/p>\n<p> <\/p>\n<p><strong>Exactitud de la informaci\u00f3n: <\/strong><\/p>\n<p>Homair Vacances se compromete a utilizar todos los medios necesarios para garantizar la exactitud de la informaci\u00f3n proporcionada en el sitio web. Sin embargo, pueden aparecer informaciones err\u00f3neas u omisiones, especialmente debido a errores tipogr\u00e1ficos o de maquetaci\u00f3n. En tal caso, le rogamos que nos disculpe y le invitamos a informarnos para proceder lo antes posible a las correcciones adecuadas.  <\/p>\n<p>A pesar de una verificaci\u00f3n previa cada a\u00f1o, Homair Vacances no se hace responsable de la comunicaci\u00f3n por parte de sus socios o de terceros de fotograf\u00edas sobre las cuales estos \u00faltimos hayan declarado antes de su publicaci\u00f3n que poseen los derechos y autorizaciones para ello y\/o hayan comunicado informaci\u00f3n sobre sus campings que sea falsa, enga\u00f1osa o err\u00f3nea y que se mencione en los cat\u00e1logos o en el sitio web, en particular las fotos de presentaci\u00f3n, los calificativos, las actividades, el ocio, los servicios y las fechas de funcionamiento.<\/p>\n<p> <\/p>\n<p><strong>Validez de las ofertas:<\/strong><\/p>\n<p>Las ofertas que proponemos son v\u00e1lidas \u00fanicamente en el momento en que aparecen en nuestro sitio web, a menos que se indique un per\u00edodo espec\u00edfico. La sociedad Homair Vacances no puede garantizar la ausencia total de errores en su sitio web. Por lo tanto, no estaremos obligados a respetar una oferta si el contenido del sitio web contiene un error ortogr\u00e1fico, un precio manifiestamente incorrecto (precio irrisorio) o cualquier otra informaci\u00f3n err\u00f3nea o incorrecta. Nos reservamos el derecho de cancelar cualquier reserva por este motivo sin que ello d\u00e9 derecho a indemnizaci\u00f3n para el cliente.   <\/p>\n<p>Nuestras ofertas promocionales no son retroactivas y est\u00e1n sujetas a disponibilidad. Le invitamos a consultar las menciones legales e informativas aplicables a cada oferta. <\/p>\n<p> <\/p>\n<p><strong>Da\u00f1os:<\/strong><\/p>\n<p>Homair Vacances no ser\u00e1 responsable de ning\u00fan da\u00f1o directo o indirecto ajeno a ella y causado por un tercero debido a la difusi\u00f3n por parte de este \u00faltimo de un virus a trav\u00e9s de nuestro sitio web y susceptible de infectar su sistema inform\u00e1tico como resultado de su conexi\u00f3n, uso o navegaci\u00f3n en nuestro sitio web.<\/p>\n<p>Del mismo modo, Homair Vacances no ser\u00e1 responsable de da\u00f1os materiales o accesorios, ni de ning\u00fan da\u00f1o indirecto, que surjan con motivo del uso de este sitio web, salvo que se demuestre una falta grave imputable a ella.<\/p>\n<p> <\/p>\n<p><strong>Enlace de hipertexto:<\/strong><\/p>\n<p>El uso de cualquier enlace de hipertexto que remita al sitio web est\u00e1 prohibido a menos que Homair Vacances lo autorice previamente por escrito. En tal caso, Homair Vacances no ser\u00e1 responsable del contenido, los datos y la informaci\u00f3n ofrecidos por otros sitios web, especialmente si no cumplen con las disposiciones reglamentarias vigentes. <\/p>\n<p> <\/p>\n<p><strong>Nulidad parcial:<\/strong><\/p>\n<p>En el caso de que una jurisdicci\u00f3n competente considerara nula una disposici\u00f3n de las presentes condiciones generales de uso, la nulidad de esta disposici\u00f3n no afectar\u00e1 en modo alguno al conjunto de las condiciones y las dem\u00e1s disposiciones seguir\u00e1n en vigor.<\/p>\n<p> <\/p>\n<p><strong>Ley aplicable: <\/strong><\/p>\n<p>Las presentes condiciones generales, as\u00ed como todos los litigios que de ellas se deriven, incluida su validez, o que resulten del uso del sitio web o de las compras realizadas en el sitio web, se rigen por la ley francesa.<\/p>\n<p>En caso de litigio, los tribunales franceses ser\u00e1n los \u00fanicos competentes.<\/p>\n<p> <\/p>\n<p><\/p>\t\t\t\t\t\t\t\t<\/div>\n\t\t\t\t<\/div>\n\t\t\t\t\t<\/div>\n\t\t\t\t<\/div>\n\t\t\t\t<\/div>\n\t\t","protected":false},"excerpt":{"rendered":"<p>AVISO LEGAL CONDICIONES GENERALES DE USO DEL SITIO WEB Y AVISO LEGAL Actualmente est\u00e1 usted conectado\/a al sitio web de reserva de estancias en campings de la sociedad Homair Vacances. Conforme a la ley, le invitamos a leer las presentes condiciones de uso de este sitio web homair-sweetmobilhome.com (en adelante, el \u00abSitio\u00bb). Su uso de [&hellip;]<\/p>\n","protected":false},"author":7,"featured_media":0,"parent":0,"menu_order":0,"comment_status":"closed","ping_status":"closed","template":"","meta":{"_acf_changed":false,"_seopress_robots_primary_cat":"","_seopress_titles_title":"","_seopress_titles_desc":"","_seopress_robots_index":"","_seopress_analysis_target_kw":"","footnotes":""},"class_list":["post-82861","page","type-page","status-publish","hentry"],"acf":[],"_links":{"self":[{"href":"https:\/\/homair-sweetmobilhome.com\/es\/wp-json\/wp\/v2\/pages\/82861","targetHints":{"allow":["GET"]}}],"collection":[{"href":"https:\/\/homair-sweetmobilhome.com\/es\/wp-json\/wp\/v2\/pages"}],"about":[{"href":"https:\/\/homair-sweetmobilhome.com\/es\/wp-json\/wp\/v2\/types\/page"}],"author":[{"embeddable":true,"href":"https:\/\/homair-sweetmobilhome.com\/es\/wp-json\/wp\/v2\/users\/7"}],"replies":[{"embeddable":true,"href":"https:\/\/homair-sweetmobilhome.com\/es\/wp-json\/wp\/v2\/comments?post=82861"}],"version-history":[{"count":2,"href":"https:\/\/homair-sweetmobilhome.com\/es\/wp-json\/wp\/v2\/pages\/82861\/revisions"}],"predecessor-version":[{"id":82875,"href":"https:\/\/homair-sweetmobilhome.com\/es\/wp-json\/wp\/v2\/pages\/82861\/revisions\/82875"}],"wp:attachment":[{"href":"https:\/\/homair-sweetmobilhome.com\/es\/wp-json\/wp\/v2\/media?parent=82861"}],"curies":[{"name":"wp","href":"https:\/\/api.w.org\/{rel}","templated":true}]}}