{"id":82582,"date":"2023-10-24T09:02:25","date_gmt":"2023-10-24T07:02:25","guid":{"rendered":"https:\/\/homair-sweetmobilhome.com\/financia-la-compra-de-tu-casa-movil\/"},"modified":"2026-03-25T19:29:41","modified_gmt":"2026-03-25T17:29:41","slug":"financia-la-compra-de-tu-casa-movil","status":"publish","type":"page","link":"https:\/\/homair-sweetmobilhome.com\/es\/financia-la-compra-de-tu-casa-movil\/","title":{"rendered":"Financia la compra de tu casa m\u00f3vil"},"content":{"rendered":"\t\t<div data-elementor-type=\"wp-page\" data-elementor-id=\"82582\" class=\"elementor elementor-82582 elementor-417\" data-elementor-post-type=\"page\">\n\t\t\t\t<div class=\"elementor-element elementor-element-5a70340 e-con-full e-flex e-con e-parent\" data-id=\"5a70340\" data-element_type=\"container\" data-e-type=\"container\" data-settings=\"{&quot;background_background&quot;:&quot;classic&quot;}\">\n\t\t\t\t<div class=\"elementor-element elementor-element-73806ce elementor-widget elementor-widget-heading\" data-id=\"73806ce\" data-element_type=\"widget\" data-e-type=\"widget\" data-widget_type=\"heading.default\">\n\t\t\t\t<div class=\"elementor-widget-container\">\n\t\t\t\t\t<h1 class=\"elementor-heading-title elementor-size-default\">Financia la compra de tu casa m\u00f3vil<\/h1>\t\t\t\t<\/div>\n\t\t\t\t<\/div>\n\t\t\t\t<\/div>\n\t\t<div class=\"elementor-element elementor-element-c091b59 e-con-full e-flex e-con e-parent\" data-id=\"c091b59\" data-element_type=\"container\" data-e-type=\"container\">\n\t\t<div class=\"elementor-element elementor-element-f38c11f e-con-full e-flex e-con e-child\" data-id=\"f38c11f\" data-element_type=\"container\" data-e-type=\"container\">\n\t\t\t\t<div class=\"elementor-element elementor-element-7f44fc9 elementor-widget__width-initial elementor-widget elementor-widget-text-editor\" data-id=\"7f44fc9\" data-element_type=\"widget\" data-e-type=\"widget\" data-widget_type=\"text-editor.default\">\n\t\t\t\t<div class=\"elementor-widget-container\">\n\t\t\t\t\t\t\t\t\t<p>Hazte propietario <br>de tu casa m\u00f3vil<\/p>\t\t\t\t\t\t\t\t<\/div>\n\t\t\t\t<\/div>\n\t\t<div class=\"elementor-element elementor-element-da4e7a5 e-con-full e-flex e-con e-child\" data-id=\"da4e7a5\" data-element_type=\"container\" data-e-type=\"container\" data-settings=\"{&quot;background_background&quot;:&quot;classic&quot;}\">\n\t\t\t\t<div class=\"elementor-element elementor-element-e5356e5 elementor-widget elementor-widget-text-editor\" data-id=\"e5356e5\" data-element_type=\"widget\" data-e-type=\"widget\" data-widget_type=\"text-editor.default\">\n\t\t\t\t<div class=\"elementor-widget-container\">\n\t\t\t\t\t\t\t\t\t<p>Desde<\/p>\t\t\t\t\t\t\t\t<\/div>\n\t\t\t\t<\/div>\n\t\t\t\t<div class=\"elementor-element elementor-element-23cec66 elementor-widget elementor-widget-text-editor\" data-id=\"23cec66\" data-element_type=\"widget\" data-e-type=\"widget\" data-widget_type=\"text-editor.default\">\n\t\t\t\t<div class=\"elementor-widget-container\">\n\t\t\t\t\t\t\t\t\t<p><span style=\"font-size: 56px;\">254\u20ac<\/span><span style=\"background-color: transparent; color: inherit; text-align: var(--text-align);\">  al mes<sup>(2)<\/sup>!<\/span><\/p><p><span style=\"font-size: 16px; line-height: 10px;\">Para la compra de una casa m\u00f3vil de ocasi\u00f3n<br>de 2015 por valor de 23.000\u20ac<\/span><\/p>\t\t\t\t\t\t\t\t<\/div>\n\t\t\t\t<\/div>\n\t\t\t\t<\/div>\n\t\t\t\t<div class=\"elementor-element elementor-element-ff0062e elementor-widget__width-initial elementor-widget elementor-widget-text-editor\" data-id=\"ff0062e\" data-element_type=\"widget\" data-e-type=\"widget\" data-widget_type=\"text-editor.default\">\n\t\t\t\t<div class=\"elementor-widget-container\">\n\t\t\t\t\t\t\t\t\t<p><a style=\"text-decoration: underline;\" href=\"https:\/\/homair-sweetmobilhome.com\/es\/nuestras-ofertas-del-momento\/\">&gt; Descubre tambi\u00e9n nuestra oferta del momento<\/a><\/p><p>CONT\u00c1CTANOS: +33 4 30 05 17 50<\/p>\t\t\t\t\t\t\t\t<\/div>\n\t\t\t\t<\/div>\n\t\t\t\t<div class=\"elementor-element elementor-element-2bb0101 elementor-mobile-align-center popmake-contact elementor-widget elementor-widget-button\" data-id=\"2bb0101\" data-element_type=\"widget\" data-e-type=\"widget\" data-widget_type=\"button.default\">\n\t\t\t\t<div class=\"elementor-widget-container\">\n\t\t\t\t\t\t\t\t\t<div class=\"elementor-button-wrapper\">\n\t\t\t\t\t<a class=\"elementor-button elementor-button-link elementor-size-sm\" href=\"https:\/\/homair-sweetmobilhome.com\/es\/nuestras-ofertas-del-momento\/\">\n\t\t\t\t\t\t<span class=\"elementor-button-content-wrapper\">\n\t\t\t\t\t\t\t\t\t<span class=\"elementor-button-text\">Contactar<\/span>\n\t\t\t\t\t<\/span>\n\t\t\t\t\t<\/a>\n\t\t\t\t<\/div>\n\t\t\t\t\t\t\t\t<\/div>\n\t\t\t\t<\/div>\n\t\t\t\t<\/div>\n\t\t<div class=\"elementor-element elementor-element-9721422 e-con-full e-flex e-con e-child\" data-id=\"9721422\" data-element_type=\"container\" data-e-type=\"container\" data-settings=\"{&quot;background_background&quot;:&quot;classic&quot;}\">\n\t\t\t\t<\/div>\n\t\t\t\t<\/div>\n\t\t<div class=\"elementor-element elementor-element-698c7a0 e-con-full e-flex e-con e-parent\" data-id=\"698c7a0\" data-element_type=\"container\" data-e-type=\"container\">\n\t\t<div class=\"elementor-element elementor-element-64181b3 e-con-full e-flex e-con e-child\" data-id=\"64181b3\" data-element_type=\"container\" data-e-type=\"container\">\n\t\t<div class=\"elementor-element elementor-element-a173b15 e-con-full e-flex e-con e-child\" data-id=\"a173b15\" data-element_type=\"container\" data-e-type=\"container\" data-settings=\"{&quot;background_background&quot;:&quot;classic&quot;}\">\n\t\t\t\t<div class=\"elementor-element elementor-element-e17bad2 elementor-widget elementor-widget-heading\" data-id=\"e17bad2\" data-element_type=\"widget\" data-e-type=\"widget\" data-widget_type=\"heading.default\">\n\t\t\t\t<div class=\"elementor-widget-container\">\n\t\t\t\t\t<h2 class=\"elementor-heading-title elementor-size-default\">\u00bfDESEAS COMPRAR \nTU SEGUNDA RESIDENCIA?<\/h2>\t\t\t\t<\/div>\n\t\t\t\t<\/div>\n\t\t\t\t<div class=\"elementor-element elementor-element-bb86129 elementor-widget elementor-widget-text-editor\" data-id=\"bb86129\" data-element_type=\"widget\" data-e-type=\"widget\" data-widget_type=\"text-editor.default\">\n\t\t\t\t<div class=\"elementor-widget-container\">\n\t\t\t\t\t\t\t\t\t<p>Te ayudamos a hacer realidad tu proyecto ofreci\u00e9ndote ofertas de financiaci\u00f3n adaptadas gracias a nuestros socios financieros Cetelem y Cofidis.<\/p><p>OFERTA POR <b>TIEMPO<\/b> <b>LIMITADO<\/b><\/p><p>Desde 253,08\u20ac*\/mes sin seguro<\/p>\t\t\t\t\t\t\t\t<\/div>\n\t\t\t\t<\/div>\n\t\t\t\t<\/div>\n\t\t<div class=\"elementor-element elementor-element-0282b82 e-con-full e-flex e-con e-child\" data-id=\"0282b82\" data-element_type=\"container\" data-e-type=\"container\" data-settings=\"{&quot;background_background&quot;:&quot;classic&quot;}\">\n\t\t\t\t<div class=\"elementor-element elementor-element-0c4a602 elementor-hidden-mobile elementor-widget elementor-widget-image\" data-id=\"0c4a602\" data-element_type=\"widget\" data-e-type=\"widget\" data-widget_type=\"image.default\">\n\t\t\t\t<div class=\"elementor-widget-container\">\n\t\t\t\t\t\t\t\t\t\t\t\t\t\t\t<img fetchpriority=\"high\" decoding=\"async\" width=\"727\" height=\"449\" src=\"https:\/\/homair-sweetmobilhome.com\/wp-content\/uploads\/2023\/10\/salonmobil.png\" class=\"attachment-large size-large wp-image-82584\" alt=\"\" srcset=\"https:\/\/homair-sweetmobilhome.com\/wp-content\/uploads\/2023\/10\/salonmobil.png 727w, https:\/\/homair-sweetmobilhome.com\/wp-content\/uploads\/2023\/10\/salonmobil-300x185.png 300w\" sizes=\"(max-width: 727px) 100vw, 727px\" \/>\t\t\t\t\t\t\t\t\t\t\t\t\t\t\t<\/div>\n\t\t\t\t<\/div>\n\t\t\t\t<div class=\"elementor-element elementor-element-4cbf58e elementor-hidden-tablet elementor-widget elementor-widget-image\" data-id=\"4cbf58e\" data-element_type=\"widget\" data-e-type=\"widget\" data-widget_type=\"image.default\">\n\t\t\t\t<div class=\"elementor-widget-container\">\n\t\t\t\t\t\t\t\t\t\t\t\t\t\t\t<img decoding=\"async\" width=\"727\" height=\"425\" data-src=\"https:\/\/homair-sweetmobilhome.com\/wp-content\/uploads\/2023\/10\/jardin.png\" class=\"attachment-large size-large wp-image-82583 lazyload\" alt=\"\" data-srcset=\"https:\/\/homair-sweetmobilhome.com\/wp-content\/uploads\/2023\/10\/jardin.png 727w, https:\/\/homair-sweetmobilhome.com\/wp-content\/uploads\/2023\/10\/jardin-300x175.png 300w\" data-sizes=\"(max-width: 727px) 100vw, 727px\" src=\"data:image\/svg+xml;base64,PHN2ZyB3aWR0aD0iMSIgaGVpZ2h0PSIxIiB4bWxucz0iaHR0cDovL3d3dy53My5vcmcvMjAwMC9zdmciPjwvc3ZnPg==\" style=\"--smush-placeholder-width: 727px; --smush-placeholder-aspect-ratio: 727\/425;\" \/>\t\t\t\t\t\t\t\t\t\t\t\t\t\t\t<\/div>\n\t\t\t\t<\/div>\n\t\t\t\t<\/div>\n\t\t\t\t<\/div>\n\t\t<div class=\"elementor-element elementor-element-72c5a05 e-con-full e-flex e-con e-child\" data-id=\"72c5a05\" data-element_type=\"container\" data-e-type=\"container\">\n\t\t<div class=\"elementor-element elementor-element-66f2ee4 e-con-full e-flex e-con e-child\" data-id=\"66f2ee4\" data-element_type=\"container\" data-e-type=\"container\">\n\t\t\t\t<div class=\"elementor-element elementor-element-905ea27 elementor-widget elementor-widget-text-editor\" data-id=\"905ea27\" data-element_type=\"widget\" data-e-type=\"widget\" data-widget_type=\"text-editor.default\">\n\t\t\t\t<div class=\"elementor-widget-container\">\n\t\t\t\t\t\t\t\t\t<p>Nuestras ventajas para ayudarte a financiar la compra de tu casa m\u00f3vil:<\/p>\t\t\t\t\t\t\t\t<\/div>\n\t\t\t\t<\/div>\n\t\t\t\t<div class=\"elementor-element elementor-element-156627a elementor-widget elementor-widget-text-editor\" data-id=\"156627a\" data-element_type=\"widget\" data-e-type=\"widget\" data-widget_type=\"text-editor.default\">\n\t\t\t\t<div class=\"elementor-widget-container\">\n\t\t\t\t\t\t\t\t\t<ul><li>Un estudio gratuito y personalizado<\/li><li>Una respuesta de principio r\u00e1pida por parte de nuestros socios Cetelem y Cofidis<\/li><li>Un socio especializado en hosteler\u00eda al aire libre<\/li><li>Tipos muy atractivos<\/li><li>Una duraci\u00f3n posible de 12 a 144 meses<\/li><li>Un equipo comercial a tu disposici\u00f3n 7 d\u00edas a la semana<\/li><\/ul>\t\t\t\t\t\t\t\t<\/div>\n\t\t\t\t<\/div>\n\t\t\t\t<\/div>\n\t\t<div class=\"elementor-element elementor-element-230b39a e-con-full elementor-hidden-tablet elementor-hidden-mobile e-flex e-con e-child\" data-id=\"230b39a\" data-element_type=\"container\" data-e-type=\"container\" data-settings=\"{&quot;background_background&quot;:&quot;classic&quot;}\">\n\t\t\t\t<div class=\"elementor-element elementor-element-e8707d1 elementor-widget elementor-widget-text-editor\" data-id=\"e8707d1\" data-element_type=\"widget\" data-e-type=\"widget\" data-widget_type=\"text-editor.default\">\n\t\t\t\t<div class=\"elementor-widget-container\">\n\t\t\t\t\t\t\t\t\t<p>Como muchos residentes propietarios, <br>conf\u00eda en nosotros para acompa\u00f1arte <br>en la financiaci\u00f3n de tu proyecto de compra. <sup>(2)<\/sup><\/p>\t\t\t\t\t\t\t\t<\/div>\n\t\t\t\t<\/div>\n\t\t\t\t<div class=\"elementor-element elementor-element-0af8df8 elementor-widget elementor-widget-text-editor\" data-id=\"0af8df8\" data-element_type=\"widget\" data-e-type=\"widget\" data-widget_type=\"text-editor.default\">\n\t\t\t\t<div class=\"elementor-widget-container\">\n\t\t\t\t\t\t\t\t\t<p>EJEMPLO:<\/p><p>Para una compra de 23.000\u20ac con una entrada de 0\u20ac y un cr\u00e9dito de 23.000\u20ac a 120 meses con una Tasa Anual Equivalente (TAE) fija del 5,96%.<\/p><p>Reembolsas 120 mensualidades de 253,08\u20ac sin seguro facultativo<em> (con \u00faltima mensualidad ajustada a 277,51\u20ac)<\/em>.<\/p><p>Gastos de gesti\u00f3n: GRATIS.<\/p><p>Importe total adeudado sin seguro facultativo: 30.368,73\u20ac.<\/p><p>Seguro facultativo de Fallecimiento, P\u00e9rdida Total e Irreversible de Autonom\u00eda, Incapacidad Temporal Total de trabajo (contratado con Cardif Assurance Vie y Cardif Assurances Risques Divers): 25,30\u20ac al mes adicionales.<\/p><p>Un cr\u00e9dito te compromete y debe ser reembolsado.<br>Verifica tu capacidad de reembolso antes de comprometerte.<\/p>\t\t\t\t\t\t\t\t<\/div>\n\t\t\t\t<\/div>\n\t\t\t\t<div class=\"elementor-element elementor-element-8135aad elementor-widget elementor-widget-text-editor\" data-id=\"8135aad\" data-element_type=\"widget\" data-e-type=\"widget\" data-widget_type=\"text-editor.default\">\n\t\t\t\t<div class=\"elementor-widget-container\">\n\t\t\t\t\t\t\t\t\t<p>\u00bfDeseas recibir <br>nuestra documentaci\u00f3n gratuita?<\/p>\t\t\t\t\t\t\t\t<\/div>\n\t\t\t\t<\/div>\n\t\t\t\t<div class=\"elementor-element elementor-element-4b0c64d popmake-doc elementor-widget elementor-widget-button\" data-id=\"4b0c64d\" data-element_type=\"widget\" data-e-type=\"widget\" data-widget_type=\"button.default\">\n\t\t\t\t<div class=\"elementor-widget-container\">\n\t\t\t\t\t\t\t\t\t<div class=\"elementor-button-wrapper\">\n\t\t\t\t\t<a class=\"elementor-button elementor-size-sm\" role=\"button\">\n\t\t\t\t\t\t<span class=\"elementor-button-content-wrapper\">\n\t\t\t\t\t\t\t\t\t<span class=\"elementor-button-text\">Documentaci\u00f3n gratuita<\/span>\n\t\t\t\t\t<\/span>\n\t\t\t\t\t<\/a>\n\t\t\t\t<\/div>\n\t\t\t\t\t\t\t\t<\/div>\n\t\t\t\t<\/div>\n\t\t\t\t<\/div>\n\t\t\t\t<\/div>\n\t\t\t\t<\/div>\n\t\t<div class=\"elementor-element elementor-element-4424821 e-con-full elementor-hidden-desktop elementor-hidden-laptop e-flex e-con e-parent\" data-id=\"4424821\" data-element_type=\"container\" data-e-type=\"container\" data-settings=\"{&quot;background_background&quot;:&quot;classic&quot;}\">\n\t\t\t\t<div class=\"elementor-element elementor-element-4f9c78f elementor-widget elementor-widget-text-editor\" data-id=\"4f9c78f\" data-element_type=\"widget\" data-e-type=\"widget\" data-widget_type=\"text-editor.default\">\n\t\t\t\t<div class=\"elementor-widget-container\">\n\t\t\t\t\t\t\t\t\t<p>Como muchos residentes propietarios, <br \/>conf\u00eda en nosotros para acompa\u00f1arte <br \/>en la financiaci\u00f3n de tu proyecto de compra.<\/p>\t\t\t\t\t\t\t\t<\/div>\n\t\t\t\t<\/div>\n\t\t\t\t<div class=\"elementor-element elementor-element-36a6d8b elementor-widget elementor-widget-text-editor\" data-id=\"36a6d8b\" data-element_type=\"widget\" data-e-type=\"widget\" data-widget_type=\"text-editor.default\">\n\t\t\t\t<div class=\"elementor-widget-container\">\n\t\t\t\t\t\t\t\t\t<p>EJEMPLO:<\/p><p>Para una compra de 23.000\u20ac con una entrada de 0\u20ac y un cr\u00e9dito de 23.000\u20ac a 120 meses con una Tasa Anual Equivalente (TAE) fija del 5,96%.<\/p><p>Reembolsas 120 mensualidades de 253,08\u20ac sin seguro facultativo.<\/p><p>Coste total del cr\u00e9dito: 7.368,73\u20ac.<\/p><p>Gastos de gesti\u00f3n: GRATIS<\/p><p>Importe total adeudado sin seguro facultativo: 30.368,73\u20ac.<\/p><p>Seguro facultativo de Fallecimiento, P\u00e9rdida Total e Irreversible de Autonom\u00eda, Incapacidad Temporal Total de trabajo (contratado con Cardif Assurance Vie y Cardif Assurances Risques Divers): 25,30\u20ac al mes adicionales.<\/p><p>Un cr\u00e9dito te compromete y debe ser reembolsado.<br>Verifica tu capacidad de reembolso antes de comprometerte.<\/p>\t\t\t\t\t\t\t\t<\/div>\n\t\t\t\t<\/div>\n\t\t\t\t<div class=\"elementor-element elementor-element-6ec5142 elementor-widget elementor-widget-text-editor\" data-id=\"6ec5142\" data-element_type=\"widget\" data-e-type=\"widget\" data-widget_type=\"text-editor.default\">\n\t\t\t\t<div class=\"elementor-widget-container\">\n\t\t\t\t\t\t\t\t\t<p>\u00bfDeseas recibir <br>nuestra documentaci\u00f3n gratuita?<\/p>\t\t\t\t\t\t\t\t<\/div>\n\t\t\t\t<\/div>\n\t\t\t\t<div class=\"elementor-element elementor-element-7bd03a4 elementor-mobile-align-center elementor-widget elementor-widget-button\" data-id=\"7bd03a4\" data-element_type=\"widget\" data-e-type=\"widget\" data-widget_type=\"button.default\">\n\t\t\t\t<div class=\"elementor-widget-container\">\n\t\t\t\t\t\t\t\t\t<div class=\"elementor-button-wrapper\">\n\t\t\t\t\t<a class=\"elementor-button elementor-button-link elementor-size-sm\" href=\"#\">\n\t\t\t\t\t\t<span class=\"elementor-button-content-wrapper\">\n\t\t\t\t\t\t\t\t\t<span class=\"elementor-button-text\">Documentaci\u00f3n gratuita<\/span>\n\t\t\t\t\t<\/span>\n\t\t\t\t\t<\/a>\n\t\t\t\t<\/div>\n\t\t\t\t\t\t\t\t<\/div>\n\t\t\t\t<\/div>\n\t\t\t\t<\/div>\n\t\t<div class=\"elementor-element elementor-element-203d090 e-flex e-con-boxed e-con e-parent\" data-id=\"203d090\" data-element_type=\"container\" data-e-type=\"container\" data-settings=\"{&quot;background_background&quot;:&quot;classic&quot;}\">\n\t\t\t\t\t<div class=\"e-con-inner\">\n\t\t\t\t<div class=\"elementor-element elementor-element-6f09f5b elementor-widget elementor-widget-text-editor\" data-id=\"6f09f5b\" data-element_type=\"widget\" data-e-type=\"widget\" data-widget_type=\"text-editor.default\">\n\t\t\t\t<div class=\"elementor-widget-container\">\n\t\t\t\t\t\t\t\t\t<p>(1) Precio desde y seg\u00fan stock disponible, sobre la base de una casa m\u00f3vil de ocasi\u00f3n de 2015.<\/p><p>(2) Oferta por tiempo limitado para un cr\u00e9dito accesorio a una venta de 1.500\u20ac a 200.000\u20ac durante un plazo de 12 a 144 meses, para la compra de un veh\u00edculo nuevo o de ocasi\u00f3n, objeto de la presente oferta, reservado a particulares para uso privado. Tasa Anual Equivalente (TAE) fija del 5,96%. Gastos de gesti\u00f3n gratis. Seguro facultativo a 25,30\u20ac\/mes. Sujeto a estudio y aceptaci\u00f3n. Dispones de un derecho de desistimiento. Mensualidad redondeada al euro superior.      <\/p>\t\t\t\t\t\t\t\t<\/div>\n\t\t\t\t<\/div>\n\t\t\t\t\t<\/div>\n\t\t\t\t<\/div>\n\t\t\t\t<\/div>\n\t\t","protected":false},"excerpt":{"rendered":"<p>Hazte propietario de tu casa m\u00f3vil Desde 254\u20ac al mes(2)! Para la compra de una casa m\u00f3vil de ocasi\u00f3nde 2015 por valor de 23.000\u20ac &gt; Descubre tambi\u00e9n nuestra oferta del momento CONT\u00c1CTANOS: +33 4 30 05 17 50 Contactar \u00bfDESEAS COMPRAR TU SEGUNDA RESIDENCIA? Te ayudamos a hacer realidad tu proyecto ofreci\u00e9ndote ofertas de financiaci\u00f3n [&hellip;]<\/p>\n","protected":false},"author":7,"featured_media":0,"parent":0,"menu_order":0,"comment_status":"closed","ping_status":"closed","template":"","meta":{"_acf_changed":false,"_seopress_robots_primary_cat":"","_seopress_titles_title":"Financia la compra de tu casa m\u00f3vil | Homair Sweet Mobil-Home","_seopress_titles_desc":"Descubre nuestras soluciones de financiaci\u00f3n para hacer realidad tu sue\u00f1o de comprar una casa m\u00f3vil con Homair Sweet Mobil-Home. \u00a1Financia de forma f\u00e1cil y sencilla! ","_seopress_robots_index":"","_seopress_analysis_target_kw":"","footnotes":""},"class_list":["post-82582","page","type-page","status-publish","hentry"],"acf":[],"_links":{"self":[{"href":"https:\/\/homair-sweetmobilhome.com\/es\/wp-json\/wp\/v2\/pages\/82582","targetHints":{"allow":["GET"]}}],"collection":[{"href":"https:\/\/homair-sweetmobilhome.com\/es\/wp-json\/wp\/v2\/pages"}],"about":[{"href":"https:\/\/homair-sweetmobilhome.com\/es\/wp-json\/wp\/v2\/types\/page"}],"author":[{"embeddable":true,"href":"https:\/\/homair-sweetmobilhome.com\/es\/wp-json\/wp\/v2\/users\/7"}],"replies":[{"embeddable":true,"href":"https:\/\/homair-sweetmobilhome.com\/es\/wp-json\/wp\/v2\/comments?post=82582"}],"version-history":[{"count":5,"href":"https:\/\/homair-sweetmobilhome.com\/es\/wp-json\/wp\/v2\/pages\/82582\/revisions"}],"predecessor-version":[{"id":93915,"href":"https:\/\/homair-sweetmobilhome.com\/es\/wp-json\/wp\/v2\/pages\/82582\/revisions\/93915"}],"wp:attachment":[{"href":"https:\/\/homair-sweetmobilhome.com\/es\/wp-json\/wp\/v2\/media?parent=82582"}],"curies":[{"name":"wp","href":"https:\/\/api.w.org\/{rel}","templated":true}]}}