{"id":82580,"date":"2023-11-16T11:34:37","date_gmt":"2023-11-16T09:34:37","guid":{"rendered":"https:\/\/homair-sweetmobilhome.com\/faq\/"},"modified":"2026-03-25T12:11:46","modified_gmt":"2026-03-25T10:11:46","slug":"faq","status":"publish","type":"page","link":"https:\/\/homair-sweetmobilhome.com\/es\/faq\/","title":{"rendered":"FAQ"},"content":{"rendered":"\t\t<div data-elementor-type=\"wp-page\" data-elementor-id=\"82580\" class=\"elementor elementor-82580 elementor-984\" data-elementor-post-type=\"page\">\n\t\t\t\t<div class=\"elementor-element elementor-element-a3b403a e-con-full e-flex e-con e-parent\" data-id=\"a3b403a\" data-element_type=\"container\" data-e-type=\"container\" data-settings=\"{&quot;background_background&quot;:&quot;classic&quot;}\">\n\t\t\t\t<div class=\"elementor-element elementor-element-6670056 elementor-widget elementor-widget-heading\" data-id=\"6670056\" data-element_type=\"widget\" data-e-type=\"widget\" data-widget_type=\"heading.default\">\n\t\t\t\t<div class=\"elementor-widget-container\">\n\t\t\t\t\t<h1 class=\"elementor-heading-title elementor-size-default\">Todas las respuestas a tus preguntas<\/h1>\t\t\t\t<\/div>\n\t\t\t\t<\/div>\n\t\t\t\t<\/div>\n\t\t<div class=\"elementor-element elementor-element-c315b6a e-con-full e-flex e-con e-parent\" data-id=\"c315b6a\" data-element_type=\"container\" data-e-type=\"container\">\n\t\t<div class=\"elementor-element elementor-element-b09a2b0 e-con-full e-flex e-con e-child\" data-id=\"b09a2b0\" data-element_type=\"container\" data-e-type=\"container\">\n\t\t\t\t<div class=\"elementor-element elementor-element-4fdecc7 elementor-widget__width-initial elementor-widget-tablet__width-inherit elementor-widget elementor-widget-text-editor\" data-id=\"4fdecc7\" data-element_type=\"widget\" data-e-type=\"widget\" data-widget_type=\"text-editor.default\">\n\t\t\t\t<div class=\"elementor-widget-container\">\n\t\t\t\t\t\t\t\t\t<p>Tus preguntas y nuestras respuestas sobre la compra de tu mobil-home.<\/p><p>Sabemos que tienes muchas preguntas sobre tu proyecto. Te hemos escuchado y hemos reunido aqu\u00ed las respuestas a tus principales preocupaciones en cuanto a la adquisici\u00f3n de un mobil-home con Homair Sweet Mobil-home. <\/p><p>Si tienes otras preguntas, \u00a1no dudes en llamarnos!<\/p>\t\t\t\t\t\t\t\t<\/div>\n\t\t\t\t<\/div>\n\t\t\t\t<\/div>\n\t\t\t\t<\/div>\n\t\t<div class=\"elementor-element elementor-element-465b99e e-con-full e-flex e-con e-parent\" data-id=\"465b99e\" data-element_type=\"container\" data-e-type=\"container\">\n\t\t<div class=\"elementor-element elementor-element-b9e8087 e-con-full e-flex e-con e-child\" data-id=\"b9e8087\" data-element_type=\"container\" data-e-type=\"container\" data-settings=\"{&quot;background_background&quot;:&quot;classic&quot;}\">\n\t\t\t\t<div class=\"elementor-element elementor-element-7a647a7 elementor-widget elementor-widget-heading\" data-id=\"7a647a7\" data-element_type=\"widget\" data-e-type=\"widget\" data-widget_type=\"heading.default\">\n\t\t\t\t<div class=\"elementor-widget-container\">\n\t\t\t\t\t<h2 class=\"elementor-heading-title elementor-size-default\">compra de un mobil-home<\/h2>\t\t\t\t<\/div>\n\t\t\t\t<\/div>\n\t\t\t\t<div class=\"elementor-element elementor-element-de8d01e elementor-widget elementor-widget-heading\" data-id=\"de8d01e\" data-element_type=\"widget\" data-e-type=\"widget\" data-widget_type=\"heading.default\">\n\t\t\t\t<div class=\"elementor-widget-container\">\n\t\t\t\t\t<h2 class=\"elementor-heading-title elementor-size-default\">Cuando compro un mobil-home en uno de vuestros campings, \u00bfsoy propietario del terreno?<\/h2>\t\t\t\t<\/div>\n\t\t\t\t<\/div>\n\t\t\t\t<div class=\"elementor-element elementor-element-bb7e11e elementor-widget elementor-widget-text-editor\" data-id=\"bb7e11e\" data-element_type=\"widget\" data-e-type=\"widget\" data-widget_type=\"text-editor.default\">\n\t\t\t\t<div class=\"elementor-widget-container\">\n\t\t\t\t\t\t\t\t\tEres propietario del mobil-home y arrendatario de la parcela.\t\t\t\t\t\t\t\t<\/div>\n\t\t\t\t<\/div>\n\t\t\t\t<div class=\"elementor-element elementor-element-a9c783f elementor-widget elementor-widget-heading\" data-id=\"a9c783f\" data-element_type=\"widget\" data-e-type=\"widget\" data-widget_type=\"heading.default\">\n\t\t\t\t<div class=\"elementor-widget-container\">\n\t\t\t\t\t<h2 class=\"elementor-heading-title elementor-size-default\">En el marco de este alquiler de parcela, \u00bfcu\u00e1l es el importe de los gastos? \u00bfY qu\u00e9 incluyen? <\/h2>\t\t\t\t<\/div>\n\t\t\t\t<\/div>\n\t\t\t\t<div class=\"elementor-element elementor-element-9ded447 elementor-widget elementor-widget-text-editor\" data-id=\"9ded447\" data-element_type=\"widget\" data-e-type=\"widget\" data-widget_type=\"text-editor.default\">\n\t\t\t\t<div class=\"elementor-widget-container\">\n\t\t\t\t\t\t\t\t\tEl importe del alquiler var\u00eda seg\u00fan los campings. Incluye tus consumos de agua y electricidad (30m3 y 1000Kwh), as\u00ed como el acceso a todas las infraestructuras del sitio para ti y 6 familias beneficiarias.\nDepende de la situaci\u00f3n geogr\u00e1fica, las infraestructuras, los servicios ofrecidos y las fechas de apertura de cada camping. \t\t\t\t\t\t\t\t<\/div>\n\t\t\t\t<\/div>\n\t\t\t\t<div class=\"elementor-element elementor-element-8a98c2e elementor-widget elementor-widget-heading\" data-id=\"8a98c2e\" data-element_type=\"widget\" data-e-type=\"widget\" data-widget_type=\"heading.default\">\n\t\t\t\t<div class=\"elementor-widget-container\">\n\t\t\t\t\t<h2 class=\"elementor-heading-title elementor-size-default\">\u00bfMi alquiler puede aumentar cada a\u00f1o?<\/h2>\t\t\t\t<\/div>\n\t\t\t\t<\/div>\n\t\t\t\t<div class=\"elementor-element elementor-element-afd984a elementor-widget elementor-widget-text-editor\" data-id=\"afd984a\" data-element_type=\"widget\" data-e-type=\"widget\" data-widget_type=\"text-editor.default\">\n\t\t\t\t<div class=\"elementor-widget-container\">\n\t\t\t\t\t\t\t\t\tS\u00ed, como cualquier alquiler en Francia, pero a diferencia de nuestros competidores, tu alquiler est\u00e1 limitado a un 2,5% de aumento anual, excepto en caso de una inflaci\u00f3n superior al 3,5% o de grandes obras de inversi\u00f3n en nuestras infraestructuras que tengan como objetivo mejorar la categor\u00eda del camping.\n\nPor lo tanto, no puedes sufrir ning\u00fan aumento \u00abarbitrario\u00bb, todo est\u00e1 claramente indicado en nuestro contrato de alquiler de parcela.\t\t\t\t\t\t\t\t<\/div>\n\t\t\t\t<\/div>\n\t\t\t\t<\/div>\n\t\t<div class=\"elementor-element elementor-element-7a08195 e-con-full e-flex e-con e-child\" data-id=\"7a08195\" data-element_type=\"container\" data-e-type=\"container\" data-settings=\"{&quot;background_background&quot;:&quot;classic&quot;}\">\n\t\t\t\t<div class=\"elementor-element elementor-element-ca40ba9 elementor-widget elementor-widget-heading\" data-id=\"ca40ba9\" data-element_type=\"widget\" data-e-type=\"widget\" data-widget_type=\"heading.default\">\n\t\t\t\t<div class=\"elementor-widget-container\">\n\t\t\t\t\t<h2 class=\"elementor-heading-title elementor-size-default\">COMPROMISOS CONTRACTUALES<\/h2>\t\t\t\t<\/div>\n\t\t\t\t<\/div>\n\t\t\t\t<div class=\"elementor-element elementor-element-e47626a elementor-widget elementor-widget-heading\" data-id=\"e47626a\" data-element_type=\"widget\" data-e-type=\"widget\" data-widget_type=\"heading.default\">\n\t\t\t\t<div class=\"elementor-widget-container\">\n\t\t\t\t\t<h2 class=\"elementor-heading-title elementor-size-default\">\u00bfCu\u00e1l es la duraci\u00f3n de tu contrato?<\/h2>\t\t\t\t<\/div>\n\t\t\t\t<\/div>\n\t\t\t\t<div class=\"elementor-element elementor-element-f04d53b elementor-widget elementor-widget-text-editor\" data-id=\"f04d53b\" data-element_type=\"widget\" data-e-type=\"widget\" data-widget_type=\"text-editor.default\">\n\t\t\t\t<div class=\"elementor-widget-container\">\n\t\t\t\t\t\t\t\t\tNuestro contrato de alquiler de parcela est\u00e1 alineado con las \u00faltimas recomendaciones de la Federaci\u00f3n Nacional de Hosteler\u00eda al Aire Libre (FNHPA). Es un contrato anual que incluye un derecho prioritario a la renovaci\u00f3n de tu contrato de alquiler de parcela durante 8 a\u00f1os. \t\t\t\t\t\t\t\t<\/div>\n\t\t\t\t<\/div>\n\t\t\t\t<div class=\"elementor-element elementor-element-fe06ddd elementor-widget elementor-widget-heading\" data-id=\"fe06ddd\" data-element_type=\"widget\" data-e-type=\"widget\" data-widget_type=\"heading.default\">\n\t\t\t\t<div class=\"elementor-widget-container\">\n\t\t\t\t\t<h2 class=\"elementor-heading-title elementor-size-default\">\u00bfCu\u00e1les son las ventajas si firmo un contrato con Homair Sweet Mobil-home?<\/h2>\t\t\t\t<\/div>\n\t\t\t\t<\/div>\n\t\t\t\t<div class=\"elementor-element elementor-element-1435b43 elementor-widget elementor-widget-text-editor\" data-id=\"1435b43\" data-element_type=\"widget\" data-e-type=\"widget\" data-widget_type=\"text-editor.default\">\n\t\t\t\t<div class=\"elementor-widget-container\">\n\t\t\t\t\t\t\t\t\tPara asegurarte a largo plazo, te ofrecemos GRATUITAMENTE un derecho prioritario a la renovaci\u00f3n de tu contrato de alquiler de parcela.\n \nEste derecho prioritario a la renovaci\u00f3n nos compromete a ofrecerte cada a\u00f1o, durante 8 a\u00f1os, la renovaci\u00f3n de tu contrato de alquiler de parcela.\n \nAdem\u00e1s, para garantizarte total libertad, puedes rescindir nuestro contrato de arrendamiento en cualquier momento mediante una simple carta certificada con acuse de recibo.\t\t\t\t\t\t\t\t<\/div>\n\t\t\t\t<\/div>\n\t\t\t\t<div class=\"elementor-element elementor-element-844f4ad elementor-widget elementor-widget-heading\" data-id=\"844f4ad\" data-element_type=\"widget\" data-e-type=\"widget\" data-widget_type=\"heading.default\">\n\t\t\t\t<div class=\"elementor-widget-container\">\n\t\t\t\t\t<h2 class=\"elementor-heading-title elementor-size-default\">\u00bfCu\u00e1nto tiempo puedo permanecer en un camping Homair Sweet Mobil-home?<\/h2>\t\t\t\t<\/div>\n\t\t\t\t<\/div>\n\t\t\t\t<div class=\"elementor-element elementor-element-7d7849d elementor-widget elementor-widget-text-editor\" data-id=\"7d7849d\" data-element_type=\"widget\" data-e-type=\"widget\" data-widget_type=\"text-editor.default\">\n\t\t\t\t<div class=\"elementor-widget-container\">\n\t\t\t\t\t\t\t\t\tEl tiempo que desees, sin limitaci\u00f3n, siempre que pagues tu alquiler anual, respetes tus obligaciones contractuales, el reglamento interno del camping y tu mobil-home no est\u00e9 en estado de deterioro seg\u00fan la normativa vigente y el contrato de alquiler de parcela firmado.\t\t\t\t\t\t\t\t<\/div>\n\t\t\t\t<\/div>\n\t\t\t\t<div class=\"elementor-element elementor-element-6153ff3 elementor-widget elementor-widget-heading\" data-id=\"6153ff3\" data-element_type=\"widget\" data-e-type=\"widget\" data-widget_type=\"heading.default\">\n\t\t\t\t<div class=\"elementor-widget-container\">\n\t\t\t\t\t<h2 class=\"elementor-heading-title elementor-size-default\">\u00bfMe oblig\u00e1is a cambiar de mobil-home al cabo de unos a\u00f1os?<\/h2>\t\t\t\t<\/div>\n\t\t\t\t<\/div>\n\t\t\t\t<div class=\"elementor-element elementor-element-ba45414 elementor-widget elementor-widget-text-editor\" data-id=\"ba45414\" data-element_type=\"widget\" data-e-type=\"widget\" data-widget_type=\"text-editor.default\">\n\t\t\t\t<div class=\"elementor-widget-container\">\n\t\t\t\t\t\t\t\t\tCon nosotros, no hay obligaci\u00f3n de cambiar de mobil-home si este no est\u00e1 en estado de deterioro seg\u00fan la normativa vigente y tu contrato de alquiler de parcela.\t\t\t\t\t\t\t\t<\/div>\n\t\t\t\t<\/div>\n\t\t\t\t<\/div>\n\t\t<div class=\"elementor-element elementor-element-c029b11 e-con-full e-flex e-con e-child\" data-id=\"c029b11\" data-element_type=\"container\" data-e-type=\"container\" data-settings=\"{&quot;background_background&quot;:&quot;classic&quot;}\">\n\t\t\t\t<div class=\"elementor-element elementor-element-688499a elementor-widget elementor-widget-heading\" data-id=\"688499a\" data-element_type=\"widget\" data-e-type=\"widget\" data-widget_type=\"heading.default\">\n\t\t\t\t<div class=\"elementor-widget-container\">\n\t\t\t\t\t<h2 class=\"elementor-heading-title elementor-size-default\">ACCESO Y USO<\/h2>\t\t\t\t<\/div>\n\t\t\t\t<\/div>\n\t\t\t\t<div class=\"elementor-element elementor-element-383d5d2 elementor-widget elementor-widget-heading\" data-id=\"383d5d2\" data-element_type=\"widget\" data-e-type=\"widget\" data-widget_type=\"heading.default\">\n\t\t\t\t<div class=\"elementor-widget-container\">\n\t\t\t\t\t<h2 class=\"elementor-heading-title elementor-size-default\">\u00bfPuedo acceder a mi mobil-home todo el a\u00f1o?<\/h2>\t\t\t\t<\/div>\n\t\t\t\t<\/div>\n\t\t\t\t<div class=\"elementor-element elementor-element-08db0cb elementor-widget elementor-widget-text-editor\" data-id=\"08db0cb\" data-element_type=\"widget\" data-e-type=\"widget\" data-widget_type=\"text-editor.default\">\n\t\t\t\t<div class=\"elementor-widget-container\">\n\t\t\t\t\t\t\t\t\tNo. Como exige la legislaci\u00f3n, nuestros campings tienen un per\u00edodo de cierre anual que aprovechamos para preservar la calidad de nuestras instalaciones y realizar mejoras cada a\u00f1o. \n \nSin embargo, nuestras amplias fechas de apertura (de 7 a 10 meses seg\u00fan las regiones) permiten a los residentes propietarios un uso m\u00e1ximo de su propiedad.\t\t\t\t\t\t\t\t<\/div>\n\t\t\t\t<\/div>\n\t\t\t\t<div class=\"elementor-element elementor-element-c94191f elementor-widget elementor-widget-heading\" data-id=\"c94191f\" data-element_type=\"widget\" data-e-type=\"widget\" data-widget_type=\"heading.default\">\n\t\t\t\t<div class=\"elementor-widget-container\">\n\t\t\t\t\t<h2 class=\"elementor-heading-title elementor-size-default\">\u00bfPuedo alquilar mi mobil-home?<\/h2>\t\t\t\t<\/div>\n\t\t\t\t<\/div>\n\t\t\t\t<div class=\"elementor-element elementor-element-adcad8d elementor-widget elementor-widget-text-editor\" data-id=\"adcad8d\" data-element_type=\"widget\" data-e-type=\"widget\" data-widget_type=\"text-editor.default\">\n\t\t\t\t<div class=\"elementor-widget-container\">\n\t\t\t\t\t\t\t\t\tS\u00ed, ya sea a trav\u00e9s de nosotros o por tus propios medios. Disponemos de diferentes f\u00f3rmulas para reducir total o parcialmente tus gastos anuales. \n \nUno de nuestros asesores te las explicar\u00e1 en detalle.\t\t\t\t\t\t\t\t<\/div>\n\t\t\t\t<\/div>\n\t\t\t\t<div class=\"elementor-element elementor-element-54528c6 elementor-widget elementor-widget-heading\" data-id=\"54528c6\" data-element_type=\"widget\" data-e-type=\"widget\" data-widget_type=\"heading.default\">\n\t\t\t\t<div class=\"elementor-widget-container\">\n\t\t\t\t\t<h2 class=\"elementor-heading-title elementor-size-default\">\u00bfPuedo revender mi mobil-home?<\/h2>\t\t\t\t<\/div>\n\t\t\t\t<\/div>\n\t\t\t\t<div class=\"elementor-element elementor-element-2da7b3a elementor-widget elementor-widget-text-editor\" data-id=\"2da7b3a\" data-element_type=\"widget\" data-e-type=\"widget\" data-widget_type=\"text-editor.default\">\n\t\t\t\t<div class=\"elementor-widget-container\">\n\t\t\t\t\t\t\t\t\tS\u00ed, la reventa de tu mobil-home es posible. Se ofrecen varias soluciones de reventa a nuestros residentes. \t\t\t\t\t\t\t\t<\/div>\n\t\t\t\t<\/div>\n\t\t\t\t<\/div>\n\t\t<div class=\"elementor-element elementor-element-ea4126d e-con-full e-flex e-con e-child\" data-id=\"ea4126d\" data-element_type=\"container\" data-e-type=\"container\" data-settings=\"{&quot;background_background&quot;:&quot;classic&quot;}\">\n\t\t\t\t<div class=\"elementor-element elementor-element-204608c elementor-widget elementor-widget-heading\" data-id=\"204608c\" data-element_type=\"widget\" data-e-type=\"widget\" data-widget_type=\"heading.default\">\n\t\t\t\t<div class=\"elementor-widget-container\">\n\t\t\t\t\t<h2 class=\"elementor-heading-title elementor-size-default\">COMPRA Y FINANCIACI\u00d3N<\/h2>\t\t\t\t<\/div>\n\t\t\t\t<\/div>\n\t\t\t\t<div class=\"elementor-element elementor-element-82cc169 elementor-widget elementor-widget-heading\" data-id=\"82cc169\" data-element_type=\"widget\" data-e-type=\"widget\" data-widget_type=\"heading.default\">\n\t\t\t\t<div class=\"elementor-widget-container\">\n\t\t\t\t\t<h2 class=\"elementor-heading-title elementor-size-default\">\u00bfMi mobil-home aumenta de valor con el tiempo?<\/h2>\t\t\t\t<\/div>\n\t\t\t\t<\/div>\n\t\t\t\t<div class=\"elementor-element elementor-element-c3ff04c elementor-widget elementor-widget-text-editor\" data-id=\"c3ff04c\" data-element_type=\"widget\" data-e-type=\"widget\" data-widget_type=\"text-editor.default\">\n\t\t\t\t<div class=\"elementor-widget-container\">\n\t\t\t\t\t\t\t\t\tNo. A diferencia de un bien inmueble, el mobil-home no tiene como objetivo generar una plusval\u00eda. \t\t\t\t\t\t\t\t<\/div>\n\t\t\t\t<\/div>\n\t\t\t\t<div class=\"elementor-element elementor-element-0f4b3a9 elementor-widget elementor-widget-heading\" data-id=\"0f4b3a9\" data-element_type=\"widget\" data-e-type=\"widget\" data-widget_type=\"heading.default\">\n\t\t\t\t<div class=\"elementor-widget-container\">\n\t\t\t\t\t<h2 class=\"elementor-heading-title elementor-size-default\">\u00bfEs posible recuperar el IVA de la compra de mi mobil-home y de mi alquiler de parcela?<\/h2>\t\t\t\t<\/div>\n\t\t\t\t<\/div>\n\t\t\t\t<div class=\"elementor-element elementor-element-558c3d3 elementor-widget elementor-widget-text-editor\" data-id=\"558c3d3\" data-element_type=\"widget\" data-e-type=\"widget\" data-widget_type=\"text-editor.default\">\n\t\t\t\t<div class=\"elementor-widget-container\">\n\t\t\t\t\t\t\t\t\tS\u00ed. Al optar por el estatus LMNP<sup>(1)<\/sup> (Arrendador Amueblado No Profesional), puedes recuperar la totalidad del IVA del 20% sobre el precio de adquisici\u00f3n de tu mobil-home, as\u00ed como el IVA del 10% sobre tu alquiler de parcela. \n\nAl comprar un mobil-home en uno de nuestros campings, ahorrar\u00e1s<sup>(1)<\/sup> un 20% en el precio de adquisici\u00f3n y un 10% en el importe de tu alquiler anual.\n\nNuestros asesores est\u00e1n a tu disposici\u00f3n para darte toda la informaci\u00f3n sobre las modalidades relacionadas con el LMNP.\t\t\t\t\t\t\t\t<\/div>\n\t\t\t\t<\/div>\n\t\t\t\t<div class=\"elementor-element elementor-element-42b3763 elementor-widget elementor-widget-heading\" data-id=\"42b3763\" data-element_type=\"widget\" data-e-type=\"widget\" data-widget_type=\"heading.default\">\n\t\t\t\t<div class=\"elementor-widget-container\">\n\t\t\t\t\t<h2 class=\"elementor-heading-title elementor-size-default\">\u00bfOfrec\u00e9is financiaci\u00f3n?<\/h2>\t\t\t\t<\/div>\n\t\t\t\t<\/div>\n\t\t\t\t<div class=\"elementor-element elementor-element-6ee3f4f elementor-widget elementor-widget-text-editor\" data-id=\"6ee3f4f\" data-element_type=\"widget\" data-e-type=\"widget\" data-widget_type=\"text-editor.default\">\n\t\t\t\t<div class=\"elementor-widget-container\">\n\t\t\t\t\t\t\t\t\tS\u00ed, podemos ofrecer un plan de financiaci\u00f3n si lo deseas, sujeto a la aceptaci\u00f3n de tu expediente por parte de la entidad prestamista.\n \nNegociamos, para ti, los tipos m\u00e1s ventajosos posibles con nuestros socios financieros.\t\t\t\t\t\t\t\t<\/div>\n\t\t\t\t<\/div>\n\t\t\t\t<div class=\"elementor-element elementor-element-4409fed elementor-widget elementor-widget-heading\" data-id=\"4409fed\" data-element_type=\"widget\" data-e-type=\"widget\" data-widget_type=\"heading.default\">\n\t\t\t\t<div class=\"elementor-widget-container\">\n\t\t\t\t\t<h2 class=\"elementor-heading-title elementor-size-default\">\u00bfCu\u00e1l es la duraci\u00f3n de la financiaci\u00f3n para un mobil-home?<\/h2>\t\t\t\t<\/div>\n\t\t\t\t<\/div>\n\t\t\t\t<div class=\"elementor-element elementor-element-abb02f0 elementor-widget elementor-widget-text-editor\" data-id=\"abb02f0\" data-element_type=\"widget\" data-e-type=\"widget\" data-widget_type=\"text-editor.default\">\n\t\t\t\t<div class=\"elementor-widget-container\">\n\t\t\t\t\t\t\t\t\t<p>La duraci\u00f3n m\u00e1xima del pr\u00e9stamo es de 144 meses, es decir, 12 a\u00f1os, sujeta a la aceptaci\u00f3n de tu expediente por parte de la entidad prestamista.<\/p>\t\t\t\t\t\t\t\t<\/div>\n\t\t\t\t<\/div>\n\t\t\t\t<div class=\"elementor-element elementor-element-b86a70a elementor-widget elementor-widget-heading\" data-id=\"b86a70a\" data-element_type=\"widget\" data-e-type=\"widget\" data-widget_type=\"heading.default\">\n\t\t\t\t<div class=\"elementor-widget-container\">\n\t\t\t\t\t<h2 class=\"elementor-heading-title elementor-size-default\">\u00bfPor qu\u00e9 deber\u00eda comprar mi mobil-home en Homair Sweet Mobil-home?<\/h2>\t\t\t\t<\/div>\n\t\t\t\t<\/div>\n\t\t\t\t<div class=\"elementor-element elementor-element-8d6be53 elementor-widget elementor-widget-text-editor\" data-id=\"8d6be53\" data-element_type=\"widget\" data-e-type=\"widget\" data-widget_type=\"text-editor.default\">\n\t\t\t\t<div class=\"elementor-widget-container\">\n\t\t\t\t\t\t\t\t\t<ul><li>Para unirte a una gran comunidad, ya son 8000 residentes propietarios que conf\u00edan en nosotros.<\/li><li>Para contar con el apoyo de un equipo de profesionales a tu servicio y beneficiarte de una experiencia de m\u00e1s de 25 a\u00f1os en el sector residencial.<\/li><li>Para disfrutar de una amplia selecci\u00f3n de mobil-homes nuevos y de segunda mano para todos los presupuestos, vendidos llave en mano (entregados, instalados, conectados, con terraza, vajilla y mobiliario incluidos) en todos nuestros campings.<\/li><li>Para beneficiarte de un alquiler reducido en todas nuestras propiedades al adherirte a nuestras f\u00f3rmulas de gesti\u00f3n de alquiler durante las 6 u 8 semanas de temporada alta, denominadas F\u00f3rmula OPTIMUM.<\/li><li>Para escaparte cuando quieras gracias a la Oferta N\u00f3mada: como residente propietario, te ofrecemos un acceso privilegiado a todos nuestros campings. Puedes irte de vacaciones a un lugar diferente de donde compraste tu mobil-home y disfrutar\u00e1s de un cat\u00e1logo de 250 destinos en Francia y Europa para pasar estancias a partir de 80 \u20ac IVA incluido*.<\/li><li>Cerca de 60 propiedades residenciales de 3 a 5 estrellas en las regiones m\u00e1s bellas de Francia<\/li><\/ul>\t\t\t\t\t\t\t\t<\/div>\n\t\t\t\t<\/div>\n\t\t\t\t<\/div>\n\t\t\t\t<\/div>\n\t\t<div class=\"elementor-element elementor-element-21259110 e-flex e-con-boxed e-con e-parent\" data-id=\"21259110\" data-element_type=\"container\" data-e-type=\"container\" data-settings=\"{&quot;background_background&quot;:&quot;classic&quot;}\">\n\t\t\t\t\t<div class=\"e-con-inner\">\n\t\t\t\t<div class=\"elementor-element elementor-element-6069f930 elementor-widget elementor-widget-text-editor\" data-id=\"6069f930\" data-element_type=\"widget\" data-e-type=\"widget\" data-widget_type=\"text-editor.default\">\n\t\t\t\t<div class=\"elementor-widget-container\">\n\t\t\t\t\t\t\t\t\t<p><sup>(1)<\/sup> Sujeto a elegibilidad para el estatus LMNP (se requiere una cuenta bancaria en Francia), condiciones a verificar con un experto contable.<\/p><p><sup>*<\/sup>Oferta sujeta a condiciones y reservada a los propietarios de mobil-homes Homair, tarifa preferencial a partir de 80\u20ac la semana. Oferta sujeta a condiciones v\u00e1lida en una lista de campings y para per\u00edodos definidos. <\/p>\t\t\t\t\t\t\t\t<\/div>\n\t\t\t\t<\/div>\n\t\t\t\t\t<\/div>\n\t\t\t\t<\/div>\n\t\t\t\t<\/div>\n\t\t","protected":false},"excerpt":{"rendered":"<p>Todas las respuestas a tus preguntas Tus preguntas y nuestras respuestas sobre la compra de tu mobil-home. Sabemos que tienes muchas preguntas sobre tu proyecto. Te hemos escuchado y hemos reunido aqu\u00ed las respuestas a tus principales preocupaciones en cuanto a la adquisici\u00f3n de un mobil-home con Homair Sweet Mobil-home. Si tienes otras preguntas, \u00a1no [&hellip;]<\/p>\n","protected":false},"author":7,"featured_media":0,"parent":0,"menu_order":0,"comment_status":"closed","ping_status":"closed","template":"","meta":{"_acf_changed":false,"_seopress_robots_primary_cat":"","_seopress_titles_title":"Todas las respuestas a tus preguntas | FAQ | Homair Sweet Mobil-Home","_seopress_titles_desc":"Consulta nuestra FAQ para responder a todas tus preguntas sobre la compra de tu mobil-home en Homair Sweet Mobil-Home","_seopress_robots_index":"","_seopress_analysis_target_kw":"","footnotes":""},"class_list":["post-82580","page","type-page","status-publish","hentry"],"acf":[],"_links":{"self":[{"href":"https:\/\/homair-sweetmobilhome.com\/es\/wp-json\/wp\/v2\/pages\/82580","targetHints":{"allow":["GET"]}}],"collection":[{"href":"https:\/\/homair-sweetmobilhome.com\/es\/wp-json\/wp\/v2\/pages"}],"about":[{"href":"https:\/\/homair-sweetmobilhome.com\/es\/wp-json\/wp\/v2\/types\/page"}],"author":[{"embeddable":true,"href":"https:\/\/homair-sweetmobilhome.com\/es\/wp-json\/wp\/v2\/users\/7"}],"replies":[{"embeddable":true,"href":"https:\/\/homair-sweetmobilhome.com\/es\/wp-json\/wp\/v2\/comments?post=82580"}],"version-history":[{"count":4,"href":"https:\/\/homair-sweetmobilhome.com\/es\/wp-json\/wp\/v2\/pages\/82580\/revisions"}],"predecessor-version":[{"id":93789,"href":"https:\/\/homair-sweetmobilhome.com\/es\/wp-json\/wp\/v2\/pages\/82580\/revisions\/93789"}],"wp:attachment":[{"href":"https:\/\/homair-sweetmobilhome.com\/es\/wp-json\/wp\/v2\/media?parent=82580"}],"curies":[{"name":"wp","href":"https:\/\/api.w.org\/{rel}","templated":true}]}}