{"id":82536,"date":"2023-10-25T11:27:56","date_gmt":"2023-10-25T09:27:56","guid":{"rendered":"https:\/\/homair-sweetmobilhome.com\/ahorra-en-la-compra-de-tu-mobil-home-recuperando-el-iva\/"},"modified":"2026-03-31T12:25:30","modified_gmt":"2026-03-31T10:25:30","slug":"ahorra-en-la-compra-de-tu-mobil-home-recuperando-el-iva","status":"publish","type":"page","link":"https:\/\/homair-sweetmobilhome.com\/es\/ahorra-en-la-compra-de-tu-mobil-home-recuperando-el-iva\/","title":{"rendered":"Ahorra en la compra de tu mobil-home recuperando el IVA*"},"content":{"rendered":"\t\t<div data-elementor-type=\"wp-page\" data-elementor-id=\"82536\" class=\"elementor elementor-82536 elementor-636\" data-elementor-post-type=\"page\">\n\t\t\t\t<div class=\"elementor-element elementor-element-508d519 e-con-full e-flex e-con e-parent\" data-id=\"508d519\" data-element_type=\"container\" data-e-type=\"container\" data-settings=\"{&quot;background_background&quot;:&quot;classic&quot;}\">\n\t\t\t\t<div class=\"elementor-element elementor-element-c9460d2 elementor-widget__width-initial elementor-widget elementor-widget-heading\" data-id=\"c9460d2\" data-element_type=\"widget\" data-e-type=\"widget\" data-widget_type=\"heading.default\">\n\t\t\t\t<div class=\"elementor-widget-container\">\n\t\t\t\t\t<h1 class=\"elementor-heading-title elementor-size-default\">Ahorra en la compra de tu mobil-home recuperando el IVA*<\/h1>\t\t\t\t<\/div>\n\t\t\t\t<\/div>\n\t\t\t\t<\/div>\n\t\t<div class=\"elementor-element elementor-element-252dfdc e-con-full e-flex e-con e-parent\" data-id=\"252dfdc\" data-element_type=\"container\" data-e-type=\"container\">\n\t\t<div class=\"elementor-element elementor-element-aa68eb1 e-con-full e-flex e-con e-child\" data-id=\"aa68eb1\" data-element_type=\"container\" data-e-type=\"container\" data-settings=\"{&quot;background_background&quot;:&quot;classic&quot;}\">\n\t\t\t\t<\/div>\n\t\t<div class=\"elementor-element elementor-element-3616b63 e-con-full e-flex e-con e-child\" data-id=\"3616b63\" data-element_type=\"container\" data-e-type=\"container\">\n\t\t\t\t<div class=\"elementor-element elementor-element-0390022 elementor-widget__width-initial elementor-widget elementor-widget-text-editor\" data-id=\"0390022\" data-element_type=\"widget\" data-e-type=\"widget\" data-widget_type=\"text-editor.default\">\n\t\t\t\t<div class=\"elementor-widget-container\">\n\t\t\t\t\t\t\t\t\t<p>Hazte propietario <br>de tu propia casa m\u00f3vil<\/p>\t\t\t\t\t\t\t\t<\/div>\n\t\t\t\t<\/div>\n\t\t<div class=\"elementor-element elementor-element-e91d95b e-con-full e-flex e-con e-child\" data-id=\"e91d95b\" data-element_type=\"container\" data-e-type=\"container\" data-settings=\"{&quot;background_background&quot;:&quot;classic&quot;}\">\n\t\t\t\t<div class=\"elementor-element elementor-element-cdf5924 elementor-widget elementor-widget-text-editor\" data-id=\"cdf5924\" data-element_type=\"widget\" data-e-type=\"widget\" data-widget_type=\"text-editor.default\">\n\t\t\t\t<div class=\"elementor-widget-container\">\n\t\t\t\t\t\t\t\t\t<p>Desde<\/p>\t\t\t\t\t\t\t\t<\/div>\n\t\t\t\t<\/div>\n\t\t\t\t<div class=\"elementor-element elementor-element-28dc401 elementor-widget elementor-widget-text-editor\" data-id=\"28dc401\" data-element_type=\"widget\" data-e-type=\"widget\" data-widget_type=\"text-editor.default\">\n\t\t\t\t<div class=\"elementor-widget-container\">\n\t\t\t\t\t\t\t\t\t<p>14.750\u20ac IVA incl.<sup>(1)<\/sup><\/p>\t\t\t\t\t\t\t\t<\/div>\n\t\t\t\t<\/div>\n\t\t\t\t<\/div>\n\t\t\t\t<div class=\"elementor-element elementor-element-0e08bfd elementor-widget__width-initial elementor-widget elementor-widget-text-editor\" data-id=\"0e08bfd\" data-element_type=\"widget\" data-e-type=\"widget\" data-widget_type=\"text-editor.default\">\n\t\t\t\t<div class=\"elementor-widget-container\">\n\t\t\t\t\t\t\t\t\t<p>+ DESCUENTO <a style=\"text-decoration: underline;\" href=\"https:\/\/homair-sweetmobilhome.com\/es\/nuestras-ofertas-del-momento\/\">Oferta del mes<\/a><br \/><br \/>CONT\u00c1CTANOS: +33 4 30 05 17 50<\/p>\t\t\t\t\t\t\t\t<\/div>\n\t\t\t\t<\/div>\n\t\t\t\t<div class=\"elementor-element elementor-element-28f0d81 elementor-mobile-align-center elementor-widget elementor-widget-button\" data-id=\"28f0d81\" data-element_type=\"widget\" data-e-type=\"widget\" data-widget_type=\"button.default\">\n\t\t\t\t<div class=\"elementor-widget-container\">\n\t\t\t\t\t\t\t\t\t<div class=\"elementor-button-wrapper\">\n\t\t\t\t\t<a class=\"elementor-button elementor-button-link elementor-size-sm\" href=\"https:\/\/homair-sweetmobilhome.com\/es\/nuestras-ofertas-del-momento\/\">\n\t\t\t\t\t\t<span class=\"elementor-button-content-wrapper\">\n\t\t\t\t\t\t\t\t\t<span class=\"elementor-button-text\">Descubrir<\/span>\n\t\t\t\t\t<\/span>\n\t\t\t\t\t<\/a>\n\t\t\t\t<\/div>\n\t\t\t\t\t\t\t\t<\/div>\n\t\t\t\t<\/div>\n\t\t\t\t<\/div>\n\t\t\t\t<\/div>\n\t\t<div class=\"elementor-element elementor-element-436b6a3 e-con-full e-flex e-con e-parent\" data-id=\"436b6a3\" data-element_type=\"container\" data-e-type=\"container\">\n\t\t<div class=\"elementor-element elementor-element-cdd33b7 e-con-full e-flex e-con e-child\" data-id=\"cdd33b7\" data-element_type=\"container\" data-e-type=\"container\">\n\t\t<div class=\"elementor-element elementor-element-46d10f9 e-con-full e-flex e-con e-child\" data-id=\"46d10f9\" data-element_type=\"container\" data-e-type=\"container\" data-settings=\"{&quot;background_background&quot;:&quot;classic&quot;}\">\n\t\t\t\t<div class=\"elementor-element elementor-element-a90a15e elementor-widget elementor-widget-text-editor\" data-id=\"a90a15e\" data-element_type=\"widget\" data-e-type=\"widget\" data-widget_type=\"text-editor.default\">\n\t\t\t\t<div class=\"elementor-widget-container\">\n\t\t\t\t\t\t\t\t\t<p>\u00bfSab\u00edas que puedes recuperar el importe del IVA en la compra de tu mobil-home nuevo o de segunda mano? Es posible optando por el estatuto LMNP* (Arrendador de Bienes Muebles No Profesional). Al final, consigues un ahorro considerable. Esto es lo que debes saber.   <\/p>\t\t\t\t\t\t\t\t<\/div>\n\t\t\t\t<\/div>\n\t\t\t\t<div class=\"elementor-element elementor-element-d1f5027 elementor-widget elementor-widget-text-editor\" data-id=\"d1f5027\" data-element_type=\"widget\" data-e-type=\"widget\" data-widget_type=\"text-editor.default\">\n\t\t\t\t<div class=\"elementor-widget-container\">\n\t\t\t\t\t\t\t\t\t<p>Al optar por el estatuto LMNP, la ley te autoriza a recuperar el importe del IVA del 20% en la compra de tu bien, bajo condiciones*. <\/p><p>De este modo, podr\u00e1 matar dos p\u00e1jaros de un tiro: por un lado, percibir\u00e1 unos ingresos por alquiler atractivos y, por otro, conseguir\u00e1 un ahorro considerable en el coste total de su inversi\u00f3n. Ya que tambi\u00e9n es posible recuperar el importe del IVA correspondiente a los equipamientos, accesorios de decoraci\u00f3n y elementos de confort de su mobil-home, con un tipo del 20%. <\/p><p>Adem\u00e1s, tienes la posibilidad de recuperar el IVA sobre el importe del alquiler de tu parcela, es decir, el 10%.<\/p><p>Ya sea un mobil-home nuevo o de segunda mano, el ahorro que puedes conseguir asciende a varios miles de euros.<\/p>\t\t\t\t\t\t\t\t<\/div>\n\t\t\t\t<\/div>\n\t\t<div class=\"elementor-element elementor-element-2aad06f e-flex e-con-boxed e-con e-child\" data-id=\"2aad06f\" data-element_type=\"container\" data-e-type=\"container\">\n\t\t\t\t\t<div class=\"e-con-inner\">\n\t\t\t\t<div class=\"elementor-element elementor-element-cbd1d54 elementor-align-center popmake-contact elementor-widget elementor-widget-button\" data-id=\"cbd1d54\" data-element_type=\"widget\" data-e-type=\"widget\" data-widget_type=\"button.default\">\n\t\t\t\t<div class=\"elementor-widget-container\">\n\t\t\t\t\t\t\t\t\t<div class=\"elementor-button-wrapper\">\n\t\t\t\t\t<a class=\"elementor-button elementor-button-link elementor-size-sm\" href=\"#\">\n\t\t\t\t\t\t<span class=\"elementor-button-content-wrapper\">\n\t\t\t\t\t\t\t\t\t<span class=\"elementor-button-text\">Quiero saber m\u00e1s<\/span>\n\t\t\t\t\t<\/span>\n\t\t\t\t\t<\/a>\n\t\t\t\t<\/div>\n\t\t\t\t\t\t\t\t<\/div>\n\t\t\t\t<\/div>\n\t\t\t\t\t<\/div>\n\t\t\t\t<\/div>\n\t\t\t\t<\/div>\n\t\t\t\t<\/div>\n\t\t<div class=\"elementor-element elementor-element-564a1fc e-con-full e-flex e-con e-child\" data-id=\"564a1fc\" data-element_type=\"container\" data-e-type=\"container\">\n\t\t<div class=\"elementor-element elementor-element-c1eee3a e-con-full e-flex e-con e-child\" data-id=\"c1eee3a\" data-element_type=\"container\" data-e-type=\"container\" data-settings=\"{&quot;background_background&quot;:&quot;classic&quot;}\">\n\t\t\t\t<div class=\"elementor-element elementor-element-cda0a6d elementor-widget elementor-widget-text-editor\" data-id=\"cda0a6d\" data-element_type=\"widget\" data-e-type=\"widget\" data-widget_type=\"text-editor.default\">\n\t\t\t\t<div class=\"elementor-widget-container\">\n\t\t\t\t\t\t\t\t\t<p>Recupera el IVA sobre el importe de la compra de tu mobil-home*<\/p>\t\t\t\t\t\t\t\t<\/div>\n\t\t\t\t<\/div>\n\t\t\t\t<\/div>\n\t\t<div class=\"elementor-element elementor-element-b391143 e-con-full e-flex e-con e-child\" data-id=\"b391143\" data-element_type=\"container\" data-e-type=\"container\" data-settings=\"{&quot;background_background&quot;:&quot;classic&quot;}\">\n\t\t\t\t<\/div>\n\t\t\t\t<\/div>\n\t\t\t\t<\/div>\n\t\t<div class=\"elementor-element elementor-element-a6c58d0 e-con-full e-flex e-con e-parent\" data-id=\"a6c58d0\" data-element_type=\"container\" data-e-type=\"container\">\n\t\t<div class=\"elementor-element elementor-element-7f2de0d e-con-full e-flex e-con e-child\" data-id=\"7f2de0d\" data-element_type=\"container\" data-e-type=\"container\" data-settings=\"{&quot;background_background&quot;:&quot;classic&quot;}\">\n\t\t\t\t<div class=\"elementor-element elementor-element-66539d3 elementor-widget elementor-widget-heading\" data-id=\"66539d3\" data-element_type=\"widget\" data-e-type=\"widget\" data-widget_type=\"heading.default\">\n\t\t\t\t<div class=\"elementor-widget-container\">\n\t\t\t\t\t<h2 class=\"elementor-heading-title elementor-size-default\">El estatuto LMNP, un r\u00e9gimen ventajoso<\/h2>\t\t\t\t<\/div>\n\t\t\t\t<\/div>\n\t\t\t\t<div class=\"elementor-element elementor-element-9cf12b8 elementor-widget elementor-widget-text-editor\" data-id=\"9cf12b8\" data-element_type=\"widget\" data-e-type=\"widget\" data-widget_type=\"text-editor.default\">\n\t\t\t\t<div class=\"elementor-widget-container\">\n\t\t\t\t\t\t\t\t\t<p>El estatus LMNP (Arrendador de Propiedades Amuebladas No Profesional) es un r\u00e9gimen fiscal franc\u00e9s. Ofrece a todos los contribuyentes la oportunidad de invertir en un inmueble amueblado para alquilarlo, benefici\u00e1ndose al mismo tiempo de un mecanismo fiscal muy atractivo. <\/p>\t\t\t\t\t\t\t\t<\/div>\n\t\t\t\t<\/div>\n\t\t\t\t<div class=\"elementor-element elementor-element-c656a3a elementor-widget elementor-widget-text-editor\" data-id=\"c656a3a\" data-element_type=\"widget\" data-e-type=\"widget\" data-widget_type=\"text-editor.default\">\n\t\t\t\t<div class=\"elementor-widget-container\">\n\t\t\t\t\t\t\t\t\t<p>Este estatuto te permite poner tu mobil-home en alquiler aprovechando ventajas nada despreciables:<\/p><ul><li>La recuperaci\u00f3n del IVA sobre el importe de tu compra*<\/li><li>No generar impuestos adicionales sobre tus ingresos por alquiler<sup>*<\/sup>.<\/li><\/ul><p>Para beneficiarte del estatuto LMNP, solo unos pocos pasos sencillos pero importantes. Podemos acompa\u00f1arte. <\/p>\t\t\t\t\t\t\t\t<\/div>\n\t\t\t\t<\/div>\n\t\t\t\t<div class=\"elementor-element elementor-element-fdea9c7 elementor-hidden-desktop elementor-hidden-laptop elementor-widget elementor-widget-text-editor\" data-id=\"fdea9c7\" data-element_type=\"widget\" data-e-type=\"widget\" data-widget_type=\"text-editor.default\">\n\t\t\t\t<div class=\"elementor-widget-container\">\n\t\t\t\t\t\t\t\t\t<p><em>Dato \u00fatil<\/em>: dispones de un plazo de 15 d\u00edas tras la firma del contrato de alquiler para realizar tu solicitud de matriculaci\u00f3n.<\/p><p>Una vez realizados estos tr\u00e1mites, te beneficias de las ventajas del estatuto LMNP: <\/p><ul><li>La posibilidad de percibir hasta 23.000\u20ac de ingresos por alquiler al a\u00f1o<\/li><li>La recuperaci\u00f3n del importe del IVA sobre la compra (20%)<\/li><li>La recuperaci\u00f3n del importe del IVA sobre el alquiler de tu parcela (10%)<\/li><li>La deducci\u00f3n, de tus ingresos por alquiler a declarar, de los intereses del pr\u00e9stamo utilizado para adquirir tu mobil-home (bajo condici\u00f3n de haber optado por el r\u00e9gimen real)<\/li><\/ul><p>En la declaraci\u00f3n anual de tus ingresos, solo tendr\u00e1s que indicar el importe total de tus ingresos por alquiler utilizando el formulario n.\u00ba 2042-C-PRO.<\/p>\t\t\t\t\t\t\t\t<\/div>\n\t\t\t\t<\/div>\n\t\t\t\t<\/div>\n\t\t<div class=\"elementor-element elementor-element-64f8222 e-con-full e-flex e-con e-child\" data-id=\"64f8222\" data-element_type=\"container\" data-e-type=\"container\" data-settings=\"{&quot;background_background&quot;:&quot;classic&quot;}\">\n\t\t\t\t<\/div>\n\t\t\t\t<\/div>\n\t\t<div class=\"elementor-element elementor-element-3f3edfd e-con-full e-flex e-con e-parent\" data-id=\"3f3edfd\" data-element_type=\"container\" data-e-type=\"container\">\n\t\t<div class=\"elementor-element elementor-element-7c96498 e-con-full e-flex e-con e-child\" data-id=\"7c96498\" data-element_type=\"container\" data-e-type=\"container\" data-settings=\"{&quot;background_background&quot;:&quot;classic&quot;}\">\n\t\t\t\t<div class=\"elementor-element elementor-element-e2d24df elementor-widget elementor-widget-text-editor\" data-id=\"e2d24df\" data-element_type=\"widget\" data-e-type=\"widget\" data-widget_type=\"text-editor.default\">\n\t\t\t\t<div class=\"elementor-widget-container\">\n\t\t\t\t\t\t\t\t\t<p><strong><em>Dato \u00fatil<\/em>:<\/strong> dispones de un plazo de 15 d\u00edas tras la firma del contrato de alquiler para realizar tu solicitud de matriculaci\u00f3n.<\/p><p>Una vez realizados estos tr\u00e1mites, te beneficias de las ventajas del estatuto LMNP:<\/p><p> <\/p><ul><li>La posibilidad de percibir hasta 23.000\u20ac de ingresos por alquiler al a\u00f1o<\/li><li>La recuperaci\u00f3n del importe del IVA sobre la compra (20%)<\/li><li>La recuperaci\u00f3n del importe del IVA sobre el alquiler de tu parcela (10%)<\/li><li>La deducci\u00f3n, de tus ingresos por alquiler a declarar, de los intereses del pr\u00e9stamo utilizado para adquirir tu mobil-home (bajo condici\u00f3n de haber optado por el r\u00e9gimen real)<\/li><\/ul><p> <\/p><p>En la declaraci\u00f3n anual de tus ingresos, solo tendr\u00e1s que indicar el importe total de tus ingresos por alquiler utilizando el formulario n.\u00ba 2042-C-PRO.<\/p>\t\t\t\t\t\t\t\t<\/div>\n\t\t\t\t<\/div>\n\t\t\t\t<\/div>\n\t\t<div class=\"elementor-element elementor-element-abb6466 e-con-full e-flex e-con e-child\" data-id=\"abb6466\" data-element_type=\"container\" data-e-type=\"container\" data-settings=\"{&quot;background_background&quot;:&quot;classic&quot;}\">\n\t\t\t\t<div class=\"elementor-element elementor-element-dc71469 elementor-widget elementor-widget-heading\" data-id=\"dc71469\" data-element_type=\"widget\" data-e-type=\"widget\" data-widget_type=\"heading.default\">\n\t\t\t\t<div class=\"elementor-widget-container\">\n\t\t\t\t\t<h2 class=\"elementor-heading-title elementor-size-default\">Conf\u00edanos el alquiler de tu mobil-home<\/h2>\t\t\t\t<\/div>\n\t\t\t\t<\/div>\n\t\t\t\t<div class=\"elementor-element elementor-element-657db82 elementor-widget elementor-widget-text-editor\" data-id=\"657db82\" data-element_type=\"widget\" data-e-type=\"widget\" data-widget_type=\"text-editor.default\">\n\t\t\t\t<div class=\"elementor-widget-container\">\n\t\t\t\t\t\t\t\t\t<p>Te ofrecemos un servicio de gesti\u00f3n de alquiler para encargarnos de poner en alquiler tu mobil-home. El beneficio para ti es: <br><br><\/p><ul><li>Percibir los alquileres sin preocuparte de las numerosas tareas relacionadas con el alquiler<br><br><\/li><li>Deducir de tus ingresos, en tu declaraci\u00f3n de impuestos anual, los gastos de gesti\u00f3n de alquiler (siempre que hayas optado por el r\u00e9gimen real; de lo contrario, esta deducci\u00f3n est\u00e1 incluida en la deducci\u00f3n a tanto alzado).<\/li><\/ul><p> <\/p>\t\t\t\t\t\t\t\t<\/div>\n\t\t\t\t<\/div>\n\t\t\t\t<\/div>\n\t\t\t\t<\/div>\n\t\t<div class=\"elementor-element elementor-element-cf1c4de e-flex e-con-boxed e-con e-parent\" data-id=\"cf1c4de\" data-element_type=\"container\" data-e-type=\"container\" data-settings=\"{&quot;background_background&quot;:&quot;classic&quot;}\">\n\t\t\t\t\t<div class=\"e-con-inner\">\n\t\t\t\t<div class=\"elementor-element elementor-element-a2775a7 elementor-widget elementor-widget-text-editor\" data-id=\"a2775a7\" data-element_type=\"widget\" data-e-type=\"widget\" data-widget_type=\"text-editor.default\">\n\t\t\t\t<div class=\"elementor-widget-container\">\n\t\t\t\t\t\t\t\t\t<p><sup>(1)<\/sup> Precio desde y seg\u00fan stock disponible, sobre la base de una casa m\u00f3vil de ocasi\u00f3n de 2006 disponible en nuestro camping Green Park en Cagnes-sur-Mer (06)<\/p><div><sup>*<\/sup> Sujeto a elegibilidad para el estatus LMNP (se requiere una cuenta bancaria en Francia), condiciones a verificar con un experto contable.<\/div>\t\t\t\t\t\t\t\t<\/div>\n\t\t\t\t<\/div>\n\t\t\t\t\t<\/div>\n\t\t\t\t<\/div>\n\t\t\t\t<\/div>\n\t\t","protected":false},"excerpt":{"rendered":"<p>Hazte propietario de tu propia casa m\u00f3vil Desde 14.750\u20ac IVA incl.(1) + DESCUENTO Oferta del mes CONT\u00c1CTANOS: +33 4 30 05 17 50 Descubrir \u00bfSab\u00edas que puedes recuperar el importe del IVA en la compra de tu mobil-home nuevo o de segunda mano? Es posible optando por el estatuto LMNP* (Arrendador de Bienes Muebles No [&hellip;]<\/p>\n","protected":false},"author":7,"featured_media":0,"parent":0,"menu_order":0,"comment_status":"closed","ping_status":"closed","template":"","meta":{"_acf_changed":false,"_seopress_robots_primary_cat":"","_seopress_titles_title":"Recupera el IVA en la compra de tu mobil-home | Homair Sweet Mobil-Home","_seopress_titles_desc":"Descubre con Homair Sweet Mobil-Home c\u00f3mo ahorrar en la compra de tu mobil-home y recuperar el IVA. \u00a1Aprovecha esta oportunidad \u00fanica ahora mismo! ","_seopress_robots_index":"","_seopress_analysis_target_kw":"","footnotes":""},"class_list":["post-82536","page","type-page","status-publish","hentry"],"acf":[],"_links":{"self":[{"href":"https:\/\/homair-sweetmobilhome.com\/es\/wp-json\/wp\/v2\/pages\/82536","targetHints":{"allow":["GET"]}}],"collection":[{"href":"https:\/\/homair-sweetmobilhome.com\/es\/wp-json\/wp\/v2\/pages"}],"about":[{"href":"https:\/\/homair-sweetmobilhome.com\/es\/wp-json\/wp\/v2\/types\/page"}],"author":[{"embeddable":true,"href":"https:\/\/homair-sweetmobilhome.com\/es\/wp-json\/wp\/v2\/users\/7"}],"replies":[{"embeddable":true,"href":"https:\/\/homair-sweetmobilhome.com\/es\/wp-json\/wp\/v2\/comments?post=82536"}],"version-history":[{"count":5,"href":"https:\/\/homair-sweetmobilhome.com\/es\/wp-json\/wp\/v2\/pages\/82536\/revisions"}],"predecessor-version":[{"id":94312,"href":"https:\/\/homair-sweetmobilhome.com\/es\/wp-json\/wp\/v2\/pages\/82536\/revisions\/94312"}],"wp:attachment":[{"href":"https:\/\/homair-sweetmobilhome.com\/es\/wp-json\/wp\/v2\/media?parent=82536"}],"curies":[{"name":"wp","href":"https:\/\/api.w.org\/{rel}","templated":true}]}}